{"id":7969,"date":"2021-11-03T14:23:14","date_gmt":"2021-11-03T13:23:14","guid":{"rendered":"https:\/\/emaningenieria.com\/home\/"},"modified":"2021-11-10T09:56:53","modified_gmt":"2021-11-10T08:56:53","slug":"home","status":"publish","type":"page","link":"https:\/\/emaningenieria.com\/en\/","title":{"rendered":"Home"},"content":{"rendered":"<p>[vc_row row_content_width=&#8221;grid&#8221; css=&#8221;.vc_custom_1576078090551{padding-top: 80px !important;padding-bottom: 80px !important;}&#8221;][vc_column]<div class=\"edgtf-elements-holder   edgtf-four-columns  edgtf-responsive-mode-1024 edgtf-one-column-alignment-center\" ><div class=\"edgtf-eh-item    \"  data-item-class=\"edgtf-eh-custom-1827\">\n\t<div class=\"edgtf-eh-item-inner\">\n\t\t<div class=\"edgtf-eh-item-content edgtf-eh-custom-1827\" style=\"padding: 10px 10px 10px 10px\">\n\t\t\t<div class=\"edgtf-iwt clearfix  edgtf-iwt-icon-left edgtf-iwt-icon-medium\">\n\t<div class=\"edgtf-iwt-icon\">\n\t\t\t\t\t\t\t\t\t<img title=\"Icono Innovacion Eman - Inicio\" loading=\"lazy\" decoding=\"async\" width=\"29\" height=\"33\" src=\"https:\/\/emaningenieria.com\/wp-content\/uploads\/2019\/11\/icono-innovacion-Eman.png\" class=\"attachment-full size-full\" alt=\"Innovaci\u00f3n - Proyectos industriales\" \/>\t\t\t\t\t\t<\/div>\n\t<div class=\"edgtf-iwt-content\" >\n\t\t\t\t\t<h4 class=\"edgtf-iwt-title\" >\n\t\t\t\t\t\t\t\t<span class=\"edgtf-iwt-title-text\">INNOVATION<\/span>\n\t\t\t\t\t\t\t<\/h4>\n\t\t\t\t\t<\/div>\n<\/div>[vc_column_text]The introduction of new products and services, new processes, new sources of supply is Eman&#8217;s main objective. Our mission is to i<strong>mprove the competitiveness of our customers through innovation.<\/strong>[\/vc_column_text]\t\t<\/div>\n\t<\/div>\n<\/div><div class=\"edgtf-eh-item    \"  data-item-class=\"edgtf-eh-custom-1219\">\n\t<div class=\"edgtf-eh-item-inner\">\n\t\t<div class=\"edgtf-eh-item-content edgtf-eh-custom-1219\" style=\"padding: 10px 10px 10px 10px\">\n\t\t\t<div class=\"edgtf-iwt clearfix  edgtf-iwt-icon-left edgtf-iwt-icon-medium\">\n\t<div class=\"edgtf-iwt-icon\">\n\t\t\t\t\t\t\t\t\t<img title=\"Icono Experiencia Eman - Inicio\" loading=\"lazy\" decoding=\"async\" width=\"29\" height=\"33\" src=\"https:\/\/emaningenieria.com\/wp-content\/uploads\/2019\/11\/icono-experiencia-Eman.png\" class=\"attachment-full size-full\" alt=\"Experiencia - Gesti\u00f3n integral de proyectos\" \/>\t\t\t\t\t\t<\/div>\n\t<div class=\"edgtf-iwt-content\" >\n\t\t\t\t\t<h4 class=\"edgtf-iwt-title\" >\n\t\t\t\t\t\t\t\t<span class=\"edgtf-iwt-title-text\">EXPERIENCE<\/span>\n\t\t\t\t\t\t\t<\/h4>\n\t\t\t\t\t<\/div>\n<\/div>[vc_column_text]Our engineers have participated in major projects for the most important Spanish and foreign companies and industries. This gives us a <strong>wide knowledge in the different fields of engineering.<\/strong>[\/vc_column_text]\t\t<\/div>\n\t<\/div>\n<\/div><div class=\"edgtf-eh-item    \"  data-item-class=\"edgtf-eh-custom-5922\">\n\t<div class=\"edgtf-eh-item-inner\">\n\t\t<div class=\"edgtf-eh-item-content edgtf-eh-custom-5922\" style=\"padding: 10px 10px 10px 10px\">\n\t\t\t<div class=\"edgtf-iwt clearfix  edgtf-iwt-icon-left edgtf-iwt-icon-medium\">\n\t<div class=\"edgtf-iwt-icon\">\n\t\t\t\t\t\t\t\t\t<img title=\"Icono Soluciones Medida Eman - Inicio\" loading=\"lazy\" decoding=\"async\" width=\"28\" height=\"32\" src=\"https:\/\/emaningenieria.com\/wp-content\/uploads\/2019\/11\/icono-soluciones-medida-Eman.png\" class=\"attachment-full size-full\" alt=\"Soluciones a medida - Ingenier\u00eda de detalle\" \/>\t\t\t\t\t\t<\/div>\n\t<div class=\"edgtf-iwt-content\" >\n\t\t\t\t\t<h4 class=\"edgtf-iwt-title\" >\n\t\t\t\t\t\t\t\t<span class=\"edgtf-iwt-title-text\">TAILOR-MADE SOLUTIONS<\/span>\n\t\t\t\t\t\t\t<\/h4>\n\t\t\t\t\t<\/div>\n<\/div>[vc_column_text]Each industry and company has different characteristics and ways of functioning, that is why <strong>we project different solutions for each client<\/strong>, solving their problems under the conditions of their business policy.[\/vc_column_text]\t\t<\/div>\n\t<\/div>\n<\/div><div class=\"edgtf-eh-item    \"  data-item-class=\"edgtf-eh-custom-9021\">\n\t<div class=\"edgtf-eh-item-inner\">\n\t\t<div class=\"edgtf-eh-item-content edgtf-eh-custom-9021\" style=\"padding: 10px 10px 10px 10px\">\n\t\t\t<div class=\"edgtf-iwt clearfix  edgtf-iwt-icon-left edgtf-iwt-icon-medium\">\n\t<div class=\"edgtf-iwt-icon\">\n\t\t\t\t\t\t\t\t\t<img title=\"Icono Respuesta Inmediata - Inicio\" loading=\"lazy\" decoding=\"async\" width=\"31\" height=\"28\" src=\"https:\/\/emaningenieria.com\/wp-content\/uploads\/2019\/11\/icono-respuesta-inmediata.png\" class=\"attachment-full size-full\" alt=\"Respuesta inmediata | Proyectos industriales\" \/>\t\t\t\t\t\t<\/div>\n\t<div class=\"edgtf-iwt-content\" >\n\t\t\t\t\t<h4 class=\"edgtf-iwt-title\" >\n\t\t\t\t\t\t\t\t<span class=\"edgtf-iwt-title-text\">IMMEDIATE RESPONSE<\/span>\n\t\t\t\t\t\t\t<\/h4>\n\t\t\t\t\t<\/div>\n<\/div>[vc_column_text]Our team analyzes any demand or need for improvement, offering a <strong>quick response<\/strong> with different solutions. For us it is essential to have a fluid communication with our client from the beginning.[\/vc_column_text]\t\t<\/div>\n\t<\/div>\n<\/div><\/div>[\/vc_column][\/vc_row][vc_row row_content_width=&#8221;grid&#8221; disable_background_image=&#8221;&#8221; simple_background_image=&#8221;4855&#8243; css=&#8221;.vc_custom_1601883178724{padding-top: 100px !important;padding-bottom: 100px !important;}&#8221;][vc_column]<div class=\"edgtf-info-boxes-outer clearfix  edgtf-ib-four-columns\">\n\t<div class=\"edgtf-info-boxes-inner\">\n    <div class=\"edgtf-info-boxes-holder \">\n        <div class=\"edgtf-ib-inner edgtf-ib-front\" style=\"background-image:url(https:\/\/emaningenieria.com\/wp-content\/uploads\/2020\/10\/diseno-de-plantas-industriales-eman.jpg)\">\n            <div class=\"edgtf-ib-text-holder\">\n                <div class=\"edgtf-ib-text-inner\">\n\t                \t                \t<h2 class=\"edgtf-ib-title\" style=\"color: #000000;background-color: #ffffff\">\n\t                    \tDESIGN OF INDUSTRIAL PLANTS\t                    <\/h2>\n\t                                <\/div>\n            <\/div>\n        <\/div>\n        <div class=\"edgtf-ib-inner edgtf-ib-back\">\n            <div class=\"edgtf-ib-text-holder\">\n                <div class=\"edgtf-ib-text-inner\">\n\t                \t                \t<h2 class=\"edgtf-ib-title\" style=\"color: #000000\">\n\t                    \tDESIGN OF INDUSTRIAL PLANTS\t                    <\/h2>\n\t                                                    <p class=\"edgtf-ib-text\" style=\"color: #000000\">Projects in all phases of development and execution (site management, mechanical and electrical engineering, storage equipment, piping stress analysis...).<\/p>\n                                <\/div>\n            <\/div>\n        <\/div>\n    <\/div>\n<\/div><div class=\"edgtf-info-boxes-inner\">\n    <div class=\"edgtf-info-boxes-holder \">\n        <div class=\"edgtf-ib-inner edgtf-ib-front\" style=\"background-image:url(https:\/\/emaningenieria.com\/wp-content\/uploads\/2020\/10\/equipos-y-depositos-prfv-eman.jpg)\">\n            <div class=\"edgtf-ib-text-holder\">\n                <div class=\"edgtf-ib-text-inner\">\n\t                \t                \t<h2 class=\"edgtf-ib-title\" style=\"color: #000000;background-color: #ffffff\">\n\t                    \tDESIGN OF EQUIPMENT, METALLIC TANKS AND PRFV\t                    <\/h2>\n\t                                <\/div>\n            <\/div>\n        <\/div>\n        <div class=\"edgtf-ib-inner edgtf-ib-back\">\n            <div class=\"edgtf-ib-text-holder\">\n                <div class=\"edgtf-ib-text-inner\">\n\t                \t                \t<h2 class=\"edgtf-ib-title\" style=\"color: #000000\">\n\t                    \tDESIGN OF EQUIPMENT, METALLIC TANKS AND PRFV\t                    <\/h2>\n\t                                                    <p class=\"edgtf-ib-text\" style=\"color: #000000\">We design and execute complex equipment under ASME, British standard and UNE norms. (Reactors, scrubbers, thickeners).<\/p>\n                                <\/div>\n            <\/div>\n        <\/div>\n    <\/div>\n<\/div><div class=\"edgtf-info-boxes-inner\">\n    <div class=\"edgtf-info-boxes-holder \">\n        <div class=\"edgtf-ib-inner edgtf-ib-front\" style=\"background-image:url(https:\/\/emaningenieria.com\/wp-content\/uploads\/2020\/10\/tratamiento-de-aguas-y-residuos-eman.jpg)\">\n            <div class=\"edgtf-ib-text-holder\">\n                <div class=\"edgtf-ib-text-inner\">\n\t                \t                \t<h2 class=\"edgtf-ib-title\" style=\"color: #000000;background-color: #ffffff\">\n\t                    \tASSISTANCE AND PROJECT MANAGEMENT\t                    <\/h2>\n\t                                <\/div>\n            <\/div>\n        <\/div>\n        <div class=\"edgtf-ib-inner edgtf-ib-back\">\n            <div class=\"edgtf-ib-text-holder\">\n                <div class=\"edgtf-ib-text-inner\">\n\t                \t                \t<h2 class=\"edgtf-ib-title\" style=\"color: #000000\">\n\t                    \tASSISTANCE AND PROJECT MANAGEMENT\t                    <\/h2>\n\t                                                    <p class=\"edgtf-ib-text\" style=\"color: #000000\">We design and develop processes and technologies for the treatment of waste, contaminated water and industrial waste.<\/p>\n                                <\/div>\n            <\/div>\n        <\/div>\n    <\/div>\n<\/div><div class=\"edgtf-info-boxes-inner\">\n    <div class=\"edgtf-info-boxes-holder \">\n        <div class=\"edgtf-ib-inner edgtf-ib-front\" style=\"background-image:url(https:\/\/emaningenieria.com\/wp-content\/uploads\/2020\/10\/energia-solar-eman.jpg)\">\n            <div class=\"edgtf-ib-text-holder\">\n                <div class=\"edgtf-ib-text-inner\">\n\t                \t                \t<h2 class=\"edgtf-ib-title\" style=\"color: #000000;background-color: #ffffff\">\n\t                    \tRENEWABLE ENERGIES\t                    <\/h2>\n\t                                <\/div>\n            <\/div>\n        <\/div>\n        <div class=\"edgtf-ib-inner edgtf-ib-back\">\n            <div class=\"edgtf-ib-text-holder\">\n                <div class=\"edgtf-ib-text-inner\">\n\t                \t                \t<h2 class=\"edgtf-ib-title\" style=\"color: #000000\">\n\t                    \tRENEWABLE ENERGIES\t                    <\/h2>\n\t                                                    <p class=\"edgtf-ib-text\" style=\"color: #000000\">We design and install solar systems for the generation of heat and electricity according to your needs.<\/p>\n                                <\/div>\n            <\/div>\n        <\/div>\n    <\/div>\n<\/div><\/div>[\/vc_column][\/vc_row][vc_row disable_element=&#8221;yes&#8221; row_content_width=&#8221;grid&#8221; css=&#8221;.vc_custom_1636026782421{padding-top: 75px !important;padding-bottom: 70px !important;}&#8221;][vc_column]<div class=\"edgtf-section-title-holder  edgtf-st-vertical-lines  edgtf-st-position-left edgtf-appear-fx\" >\n\t        <span class=\"edgtf-st-vertical-top\" style=\"background-color: #8f8f8f\"><\/span>\n\t\t<div class=\"edgtf-st-inner\">\n                    <div class=\"edgtf-st-title-holder\">\n                <h2 class=\"edgtf-st-title\" style=\"color: #202020\">\n                    NOTICIAS RECIENTES                <\/h2>\n            <\/div>\n\t\t\t\t\t<\/div>\n            <span class=\"edgtf-st-vertical-bottom\" style=\"background-color: #8f8f8f\"><\/span>\n    <\/div>[vc_empty_space height=&#8221;65px&#8221;]<div class=\"edgtf-blog-list-holder edgtf-bl-alternating edgtf-bl-three-columns edgtf-normal-space edgtf-bl-pag-no-pagination  edgtf-show-info-on-appear edgtf-bl-has-parallax-scroll\"  data-type=alternating data-number-of-posts=2 data-number-of-columns=3 data-space-between-items=normal data-category=ingenieria data-orderby=date data-order=DESC data-image-size=full data-title-tag=h3 data-excerpt-length=25 data-post-info-section=yes data-post-info-image=yes data-post-info-author=yes data-post-info-date=yes data-post-info-category=yes data-post-info-comments=no data-post-info-like=no data-post-info-share=no data-pagination-type=no-pagination data-show-info-on-appear=yes data-enable-parallax-animation=yes data-max-num-pages=0 data-next-page=2>\n\t<div class=\"edgtf-bl-wrapper edgtf-outer-space\">\n\t\t<ul class=\"edgtf-blog-list\">\n\t\t\t<p class=\"edgtf-blog-no-posts\">Sorry, no posts matched your criteria.<\/p>\t\t<\/ul>\n\t<\/div>\n\t<\/div>[\/vc_column][\/vc_row][vc_row disable_background_image=&#8221;&#8221; css=&#8221;.vc_custom_1601883211605{padding-top: 80px !important;padding-bottom: 80px !important;}&#8221; simple_background_image=&#8221;4855&#8243;][vc_column][vc_row_inner disable_element=&#8221;yes&#8221; row_content_width=&#8221;grid&#8221;][vc_column_inner][vc_column_text css=&#8221;.vc_custom_1573552876558{padding-bottom: 50px !important;}&#8221;]<\/p>\n<h2 style=\"text-align: center;\">NUESTROS \u00daLTIMOS PROYECTOS<\/h2>\n<p style=\"text-align: center;\">Eman ha realizado numerosos proyectos, destacando el dise\u00f1o integral de una planta para el almacenamiento de hasta 1.000 toneladas de \u00e1cido clorh\u00eddrico.El dise\u00f1o de plantas de tratamiento de residuos, c\u00e1lculos de dep\u00f3sitos o la legalizaci\u00f3n de instalaciones industriales, son algunos de los proyectos que estamos llevando a cabo.<\/p>\n<p>[\/vc_column_text][\/vc_column_inner][\/vc_row_inner][vc_row_inner disable_element=&#8221;yes&#8221;][vc_column_inner]<div class=\"edgtf-portfolio-list-holder edgtf-pl-gallery edgtf-no-space edgtf-pl-four-columns edgtf-pl-gallery-simple-shader edgtf-pl-skin-dark   edgtf-pl-no-content edgtf-pl-pag-no-pagination      edgtf-three-images-scrollable\"  data-type=gallery data-number-of-columns=4 data-space-between-items=no data-number-of-items=4 data-image-proportions=square data-enable-fixed-proportions=no data-enable-image-shadow=no data-category=ingenieria data-orderby=date data-order=ASC data-item-style=gallery-simple-shader data-item-skin=dark data-enable-title=no data-title-tag=h4 data-enable-category=no data-enable-count-images=yes data-enable-excerpt=no data-excerpt-length=20 data-additional-data=year data-three-images=yes data-pagination-type=no-pagination data-filter=no data-filter-order-by=name data-enable-article-animation=no data-portfolio-slider-on=no data-enable-loop=yes data-enable-autoplay=yes data-slider-speed=5000 data-slider-speed-animation=600 data-enable-navigation=yes data-out-navigation=yes data-enable-pagination=yes data-max-num-pages=0 data-next-page=2>\n\t\t<div class=\"edgtf-pl-inner edgtf-outer-space  clearfix\">\n\t\t<p class=\"edgtf-pl-not-found\">Sorry, no posts matched your criteria.<\/p>\t<\/div>\n\t\n\t<\/div>[\/vc_column_inner][\/vc_row_inner][vc_row_inner][vc_column_inner][vc_column_text css=&#8221;.vc_custom_1599471040824{padding-top: 50px !important;}&#8221;]<\/p>\n<h3 style=\"text-align: center;\">THE BEST WAY TO PREDICT THE FUTURE IS TO INVENT IT\u201d.<\/h3>\n<p style=\"text-align: center;\">Alan Kay<\/p>\n<p>[\/vc_column_text][\/vc_column_inner][\/vc_row_inner][\/vc_column][\/vc_row]<\/p>\n","protected":false},"excerpt":{"rendered":"<p>[vc_row row_content_width=&#8221;grid&#8221; css=&#8221;.vc_custom_1576078090551{padding-top: 80px !important;padding-bottom: 80px !important;}&#8221;][vc_column][\/vc_column][\/vc_row][vc_row row_content_width=&#8221;grid&#8221; disable_background_image=&#8221;&#8221; simple_background_image=&#8221;4855&#8243; css=&#8221;.vc_custom_1601883178724{padding-top: 100px !important;padding-bottom: 100px !important;}&#8221;][vc_column][\/vc_column][\/vc_row][vc_row disable_element=&#8221;yes&#8221; row_content_width=&#8221;grid&#8221; css=&#8221;.vc_custom_1636026782421{padding-top: 75px !important;padding-bottom: 70px !important;}&#8221;][vc_column][vc_empty_space height=&#8221;65px&#8221;][\/vc_column][\/vc_row][vc_row disable_background_image=&#8221;&#8221; css=&#8221;.vc_custom_1601883211605{padding-top: 80px !important;padding-bottom: 80px !important;}&#8221; simple_background_image=&#8221;4855&#8243;][vc_column][vc_row_inner disable_element=&#8221;yes&#8221; row_content_width=&#8221;grid&#8221;][vc_column_inner][vc_column_text css=&#8221;.vc_custom_1573552876558{padding-bottom: 50px !important;}&#8221;] NUESTROS \u00daLTIMOS PROYECTOS Eman ha [&hellip;]<\/p>\n","protected":false},"author":1,"featured_media":0,"parent":0,"menu_order":0,"comment_status":"closed","ping_status":"closed","template":"full-width.php","meta":{"footnotes":""},"class_list":["post-7969","page","type-page","status-publish","hentry"],"yoast_head":"<!-- This site is optimized with the Yoast SEO plugin v25.3 - https:\/\/yoast.com\/wordpress\/plugins\/seo\/ -->\n<title>Eman Ingenier\u00eda - Industrial Process Engineering<\/title>\n<meta name=\"description\" content=\"Process engineering: We design and develop processes and technologies for the treatment of waste and contaminated water..\" \/>\n<meta name=\"robots\" content=\"index, follow, max-snippet:-1, max-image-preview:large, max-video-preview:-1\" \/>\n<link rel=\"canonical\" href=\"https:\/\/emaningenieria.com\/en\/\" \/>\n<meta property=\"og:locale\" content=\"en_US\" \/>\n<meta property=\"og:type\" content=\"article\" \/>\n<meta property=\"og:title\" content=\"Eman Ingenier\u00eda - Industrial Process Engineering\" \/>\n<meta property=\"og:description\" content=\"Process engineering: We design and develop processes and technologies for the treatment of waste and contaminated water..\" \/>\n<meta property=\"og:url\" content=\"https:\/\/emaningenieria.com\/en\/\" \/>\n<meta property=\"og:site_name\" content=\"Eman Ingenier\u00eda\" \/>\n<meta property=\"article:publisher\" content=\"https:\/\/www.facebook.com\/emaningenieria\/\" \/>\n<meta property=\"article:modified_time\" content=\"2021-11-10T08:56:53+00:00\" \/>\n<meta name=\"twitter:card\" content=\"summary_large_image\" \/>\n<meta name=\"twitter:label1\" content=\"Est. reading time\" \/>\n\t<meta name=\"twitter:data1\" content=\"2 minutes\" \/>\n<script type=\"application\/ld+json\" class=\"yoast-schema-graph\">{\"@context\":\"https:\/\/schema.org\",\"@graph\":[{\"@type\":\"WebPage\",\"@id\":\"https:\/\/emaningenieria.com\/en\/\",\"url\":\"https:\/\/emaningenieria.com\/en\/\",\"name\":\"Eman Ingenier\u00eda - Industrial Process Engineering\",\"isPartOf\":{\"@id\":\"https:\/\/emaningenieria.com\/#website\"},\"datePublished\":\"2021-11-03T13:23:14+00:00\",\"dateModified\":\"2021-11-10T08:56:53+00:00\",\"description\":\"Process engineering: We design and develop processes and technologies for the treatment of waste and contaminated water..\",\"breadcrumb\":{\"@id\":\"https:\/\/emaningenieria.com\/en\/#breadcrumb\"},\"inLanguage\":\"en-US\",\"potentialAction\":[{\"@type\":\"ReadAction\",\"target\":[\"https:\/\/emaningenieria.com\/en\/\"]}]},{\"@type\":\"BreadcrumbList\",\"@id\":\"https:\/\/emaningenieria.com\/en\/#breadcrumb\",\"itemListElement\":[{\"@type\":\"ListItem\",\"position\":1,\"name\":\"Portada\",\"item\":\"https:\/\/emaningenieria.com\/en\/\"},{\"@type\":\"ListItem\",\"position\":2,\"name\":\"Home\"}]},{\"@type\":\"WebSite\",\"@id\":\"https:\/\/emaningenieria.com\/#website\",\"url\":\"https:\/\/emaningenieria.com\/\",\"name\":\"Eman Ingenier\u00eda\",\"description\":\"Consultora t\u00e9cnica de ingenier\u00eda de los sectores industrial y energ\u00e9tico\",\"publisher\":{\"@id\":\"https:\/\/emaningenieria.com\/#organization\"},\"potentialAction\":[{\"@type\":\"SearchAction\",\"target\":{\"@type\":\"EntryPoint\",\"urlTemplate\":\"https:\/\/emaningenieria.com\/?s={search_term_string}\"},\"query-input\":{\"@type\":\"PropertyValueSpecification\",\"valueRequired\":true,\"valueName\":\"search_term_string\"}}],\"inLanguage\":\"en-US\"},{\"@type\":\"Organization\",\"@id\":\"https:\/\/emaningenieria.com\/#organization\",\"name\":\"Eman Ingenier\u00eda\",\"url\":\"https:\/\/emaningenieria.com\/\",\"logo\":{\"@type\":\"ImageObject\",\"inLanguage\":\"en-US\",\"@id\":\"https:\/\/emaningenieria.com\/#\/schema\/logo\/image\/\",\"url\":\"https:\/\/emaningenieria.com\/wp-content\/uploads\/2019\/11\/logo-sticky-Eman.png\",\"contentUrl\":\"https:\/\/emaningenieria.com\/wp-content\/uploads\/2019\/11\/logo-sticky-Eman.png\",\"width\":92,\"height\":68,\"caption\":\"Eman Ingenier\u00eda\"},\"image\":{\"@id\":\"https:\/\/emaningenieria.com\/#\/schema\/logo\/image\/\"},\"sameAs\":[\"https:\/\/www.facebook.com\/emaningenieria\/\",\"https:\/\/www.linkedin.com\/company\/eman-ingenieria\/\"]}]}<\/script>\n<!-- \/ Yoast SEO plugin. -->","yoast_head_json":{"title":"Eman Ingenier\u00eda - Industrial Process Engineering","description":"Process engineering: We design and develop processes and technologies for the treatment of waste and contaminated water..","robots":{"index":"index","follow":"follow","max-snippet":"max-snippet:-1","max-image-preview":"max-image-preview:large","max-video-preview":"max-video-preview:-1"},"canonical":"https:\/\/emaningenieria.com\/en\/","og_locale":"en_US","og_type":"article","og_title":"Eman Ingenier\u00eda - Industrial Process Engineering","og_description":"Process engineering: We design and develop processes and technologies for the treatment of waste and contaminated water..","og_url":"https:\/\/emaningenieria.com\/en\/","og_site_name":"Eman Ingenier\u00eda","article_publisher":"https:\/\/www.facebook.com\/emaningenieria\/","article_modified_time":"2021-11-10T08:56:53+00:00","twitter_card":"summary_large_image","twitter_misc":{"Est. reading time":"2 minutes"},"schema":{"@context":"https:\/\/schema.org","@graph":[{"@type":"WebPage","@id":"https:\/\/emaningenieria.com\/en\/","url":"https:\/\/emaningenieria.com\/en\/","name":"Eman Ingenier\u00eda - Industrial Process Engineering","isPartOf":{"@id":"https:\/\/emaningenieria.com\/#website"},"datePublished":"2021-11-03T13:23:14+00:00","dateModified":"2021-11-10T08:56:53+00:00","description":"Process engineering: We design and develop processes and technologies for the treatment of waste and contaminated water..","breadcrumb":{"@id":"https:\/\/emaningenieria.com\/en\/#breadcrumb"},"inLanguage":"en-US","potentialAction":[{"@type":"ReadAction","target":["https:\/\/emaningenieria.com\/en\/"]}]},{"@type":"BreadcrumbList","@id":"https:\/\/emaningenieria.com\/en\/#breadcrumb","itemListElement":[{"@type":"ListItem","position":1,"name":"Portada","item":"https:\/\/emaningenieria.com\/en\/"},{"@type":"ListItem","position":2,"name":"Home"}]},{"@type":"WebSite","@id":"https:\/\/emaningenieria.com\/#website","url":"https:\/\/emaningenieria.com\/","name":"Eman Ingenier\u00eda","description":"Consultora t\u00e9cnica de ingenier\u00eda de los sectores industrial y energ\u00e9tico","publisher":{"@id":"https:\/\/emaningenieria.com\/#organization"},"potentialAction":[{"@type":"SearchAction","target":{"@type":"EntryPoint","urlTemplate":"https:\/\/emaningenieria.com\/?s={search_term_string}"},"query-input":{"@type":"PropertyValueSpecification","valueRequired":true,"valueName":"search_term_string"}}],"inLanguage":"en-US"},{"@type":"Organization","@id":"https:\/\/emaningenieria.com\/#organization","name":"Eman Ingenier\u00eda","url":"https:\/\/emaningenieria.com\/","logo":{"@type":"ImageObject","inLanguage":"en-US","@id":"https:\/\/emaningenieria.com\/#\/schema\/logo\/image\/","url":"https:\/\/emaningenieria.com\/wp-content\/uploads\/2019\/11\/logo-sticky-Eman.png","contentUrl":"https:\/\/emaningenieria.com\/wp-content\/uploads\/2019\/11\/logo-sticky-Eman.png","width":92,"height":68,"caption":"Eman Ingenier\u00eda"},"image":{"@id":"https:\/\/emaningenieria.com\/#\/schema\/logo\/image\/"},"sameAs":["https:\/\/www.facebook.com\/emaningenieria\/","https:\/\/www.linkedin.com\/company\/eman-ingenieria\/"]}]}},"_links":{"self":[{"href":"https:\/\/emaningenieria.com\/en\/wp-json\/wp\/v2\/pages\/7969","targetHints":{"allow":["GET"]}}],"collection":[{"href":"https:\/\/emaningenieria.com\/en\/wp-json\/wp\/v2\/pages"}],"about":[{"href":"https:\/\/emaningenieria.com\/en\/wp-json\/wp\/v2\/types\/page"}],"author":[{"embeddable":true,"href":"https:\/\/emaningenieria.com\/en\/wp-json\/wp\/v2\/users\/1"}],"replies":[{"embeddable":true,"href":"https:\/\/emaningenieria.com\/en\/wp-json\/wp\/v2\/comments?post=7969"}],"version-history":[{"count":0,"href":"https:\/\/emaningenieria.com\/en\/wp-json\/wp\/v2\/pages\/7969\/revisions"}],"wp:attachment":[{"href":"https:\/\/emaningenieria.com\/en\/wp-json\/wp\/v2\/media?parent=7969"}],"curies":[{"name":"wp","href":"https:\/\/api.w.org\/{rel}","templated":true}]}}