{"id":7974,"date":"2021-11-03T14:42:47","date_gmt":"2021-11-03T13:42:47","guid":{"rendered":"https:\/\/emaningenieria.com\/eman\/"},"modified":"2021-11-10T09:59:17","modified_gmt":"2021-11-10T08:59:17","slug":"eman","status":"publish","type":"page","link":"https:\/\/emaningenieria.com\/en\/eman\/","title":{"rendered":"Eman"},"content":{"rendered":"<p>[vc_row row_content_width=&#8221;grid&#8221; css=&#8221;.vc_custom_1575299006670{padding-top: 100px !important;}&#8221;][vc_column]<div class=\"edgtf-elements-holder   edgtf-one-column  edgtf-responsive-mode-768 \" ><div class=\"edgtf-eh-item    edgtf-element-from-fade\"  data-item-class=\"edgtf-eh-custom-4114\" data-animation=\"edgtf-element-from-fade\">\n\t<div class=\"edgtf-eh-item-inner\">\n\t\t<div class=\"edgtf-eh-item-content edgtf-eh-custom-4114\" >\n\t\t\t<div class=\"edgtf-section-title-holder  edgtf-st-standard  edgtf-st-position-left edgtf-appear-fx\" >\n\t\t<div class=\"edgtf-st-inner\">\n                    <div class=\"edgtf-st-title-holder\">\n                <h2 class=\"edgtf-st-title\" style=\"color: #000000\">\n                    EMAN INGENIER\u00cdA                <\/h2>\n            <\/div>\n\t\t\t\t\t<\/div>\n    <\/div>\t\t<\/div>\n\t<\/div>\n<\/div><\/div><div class=\"edgtf-elements-holder   edgtf-two-columns  edgtf-responsive-mode-768 \" ><div class=\"edgtf-eh-item    edgtf-element-from-fade\"  data-item-class=\"edgtf-eh-custom-7752\" data-animation=\"edgtf-element-from-fade\">\n\t<div class=\"edgtf-eh-item-inner\">\n\t\t<div class=\"edgtf-eh-item-content edgtf-eh-custom-7752\" >\n\t\t\t[vc_column_text css=&#8221;.vc_custom_1577108331539{padding-right: 25px !important;}&#8221;]<\/p>\n<p style=\"text-align: justify;\">Eman Ingenier\u00eda is a <strong>young, versatile and innovative<\/strong> company that is positioned in the industrial and energy sector, providing transformative solutions to current processes. Technological and economically viable innovations that<strong>improve the conception of industry and its relationship with the environment<\/strong>. Eman&#8217;s commitment to providing a useful, practical, direct and quick response service has been key to the development of this <strong>new idea<\/strong> of engineering company.<\/p>\n<p>[\/vc_column_text]\t\t<\/div>\n\t<\/div>\n<\/div><div class=\"edgtf-eh-item    edgtf-element-from-fade\"  data-item-class=\"edgtf-eh-custom-1381\" data-animation=\"edgtf-element-from-fade\">\n\t<div class=\"edgtf-eh-item-inner\">\n\t\t<div class=\"edgtf-eh-item-content edgtf-eh-custom-1381\" >\n\t\t\t[vc_column_text css=&#8221;.vc_custom_1577108374509{padding-right: 25px !important;}&#8221;]<\/p>\n<p style=\"text-align: justify;\">The experience of the entire Eman team in a multitude of industrial projects of all kinds gives us the necessary background in the tasks of <strong>design, installation, management and commissioning<\/strong> of different projects. For all these reasons, Eman Ingenier\u00eda is much more. In addition to developing its own technology, it offers a wide range of personalised technical services, both in design, calculation and testing, as well as in the execution of technical equipment, thus contributing to the improvement of the industry.<\/p>\n<p>[\/vc_column_text]\t\t<\/div>\n\t<\/div>\n<\/div><\/div>[\/vc_column][\/vc_row][vc_row css=&#8221;.vc_custom_1574178724254{padding-top: 75px !important;}&#8221;][vc_column]<div class=\"edgtf-section-title-holder  edgtf-st-vertical-lines  edgtf-st-position-left edgtf-appear-fx\" >\n\t        <span class=\"edgtf-st-vertical-top\" style=\"background-color: #888888\"><\/span>\n\t\t<div class=\"edgtf-st-inner\">\n                    <div class=\"edgtf-st-title-holder\">\n                <h1 class=\"edgtf-st-title\" style=\"color: #2d2d2d\">\n                    OUR HISTORY                <\/h1>\n            <\/div>\n\t\t\t\t            <div class=\"edgtf-st-text-holder\">\n    \t\t\t<h6 class=\"edgtf-st-text\" style=\"color: #ffffff;margin-top: 1px\">\n    \t\t\t\tProin gravida nibh vel velit auctor aliquet. Aenean sollicitudin, lorem quis bibe    \t\t\t<\/h6>\n            <\/div>\n\t\t\t<\/div>\n            <span class=\"edgtf-st-vertical-bottom\" style=\"background-color: #888888\"><\/span>\n    <\/div>[vc_empty_space height=&#8221;65px&#8221;][\/vc_column][\/vc_row][vc_row row_content_width=&#8221;grid&#8221;][vc_column]<div class=\"edgtf-elements-holder   edgtf-two-columns  edgtf-responsive-mode-1024 \" ><div class=\"edgtf-eh-item    \"  data-item-class=\"edgtf-eh-custom-2737\" data-768-1024=\"0 0% 115px 0%\">\n\t<div class=\"edgtf-eh-item-inner\">\n\t\t<div class=\"edgtf-eh-item-content edgtf-eh-custom-2737\" style=\"padding: 0 0 0 0\">\n\t\t\t<div class=\"edgtf-parallax-holder\" data-parallax=\"{&quot;y&quot;: -70, &quot;smoothness&quot;: 20}\"><div class=\"edgtf-single-image-holder   \">\n    <div class=\"edgtf-si-inner\" >\n                                    <img title=\"Eman\" loading=\"lazy\" decoding=\"async\" src=\"https:\/\/emaningenieria.com\/wp-content\/uploads\/2019\/11\/foto-nacimiento-Eman-560x750.jpg\" alt=\"Eman\" width=\"560\" height=\"750\" \/>                        <\/div>\n<\/div><\/div>\t\t<\/div>\n\t<\/div>\n<\/div><div class=\"edgtf-eh-item    \"  data-item-class=\"edgtf-eh-custom-8261\" data-768-1024=\"0 13% 0 6%\" data-680-768=\"79px 0% 19px 0%\" data-680=\"50px 0% 0 0%\">\n\t<div class=\"edgtf-eh-item-inner\">\n\t\t<div class=\"edgtf-eh-item-content edgtf-eh-custom-8261\" style=\"padding: 0 0% 0 6%\">\n\t\t\t<div class=\"edgtf-parallax-holder\" data-parallax=\"{&quot;y&quot;: -150, &quot;smoothness&quot;: 20}\"><div class=\"edgtf-section-title-holder  edgtf-st-square edgtf-st-disable-title-break edgtf-st-position-left edgtf-appear-fx\" >\n\t        <div class=\"edgtf-st-square-holder\" style=\"color: #2d2d2d\">\n            <span class=\"line-top\"><\/span>\n            <span class=\"line-right\"><\/span>\n            <span class=\"line-bottom\"><\/span>\n            <span class=\"line-left\"><\/span>\n            <span class=\"line-mask\" style=\"background-color: #ffffff\"><\/span>\n    \t<div class=\"edgtf-st-inner\">\n                    <div class=\"edgtf-st-title-holder\">\n                <h2 class=\"edgtf-st-title\" style=\"color: #2d2d2d\">\n                    OUR HISTORY<br \/>                <\/h2>\n            <\/div>\n\t\t\t\t            <div class=\"edgtf-st-text-holder\">\n    \t\t\t<p class=\"edgtf-st-text\" style=\"color: #2d2d2d\">\n    \t\t\t\tEman Ingenier\u00eda was created from the commitment and courage of four engineers to develop their profession in an innovative and useful way from an energetic and industrial point of view.<br \/>\nThe beginning of Eman was in the conception of a solar collector for energy generation at medium temperature. It was the embryo of a project with a broad vision of the future.<br \/>\nEman-07 is a decomposed parabolic cylindrical collector, oriented to medium temperature process heat. This patented and tested equipment was the seed of a business venture that aimed to transform the energy consumption of nearby industries. The socioeconomic circumstances of the time in which it saw the light (autumn 2015) did not advise its introduction in the market, but the demonstration of capacity, technical solvency and courage was a milestone in the constitution of this entity, which served to move forward.    \t\t\t<\/p>\n            <\/div>\n\t\t\t<\/div>\n                <\/div>\n    <\/div>[vc_empty_space]<\/div>\t\t<\/div>\n\t<\/div>\n<\/div><\/div>[\/vc_column][\/vc_row][vc_row row_content_width=&#8221;grid&#8221; css=&#8221;.vc_custom_1574178747082{padding-top: 100px !important;padding-bottom: 100px !important;}&#8221;][vc_column]<div class=\"edgtf-elements-holder   edgtf-two-columns  edgtf-responsive-mode-1024 \" ><div class=\"edgtf-eh-item   edgtf-horizontal-alignment-right \"  data-item-class=\"edgtf-eh-custom-1271\" data-680-768=\"0 13% 82px 0%\" data-680=\"0 6% 50px 0%\">\n\t<div class=\"edgtf-eh-item-inner\">\n\t\t<div class=\"edgtf-eh-item-content edgtf-eh-custom-1271\" style=\"padding: 0 18% 0 0%\">\n\t\t\t<div class=\"edgtf-parallax-holder\" data-parallax=\"{&quot;y&quot;: -150, &quot;smoothness&quot;: 20}\"><div class=\"edgtf-section-title-holder  edgtf-st-square edgtf-st-disable-title-break edgtf-st-position-right edgtf-appear-fx\" >\n\t        <div class=\"edgtf-st-square-holder\" style=\"color: #2e2e2e\">\n            <span class=\"line-top\"><\/span>\n            <span class=\"line-right\"><\/span>\n            <span class=\"line-bottom\"><\/span>\n            <span class=\"line-left\"><\/span>\n            <span class=\"line-mask\" style=\"background-color: #ffffff\"><\/span>\n    \t<div class=\"edgtf-st-inner\">\n                    <div class=\"edgtf-st-title-holder\">\n                <h2 class=\"edgtf-st-title\" style=\"color: #2d2d2d\">\n                    DEVELOPMENT                <\/h2>\n            <\/div>\n\t\t\t\t            <div class=\"edgtf-st-text-holder\">\n    \t\t\t<p class=\"edgtf-st-text\" style=\"color: #2d2d2d\">\n    \t\t\t\tEman Ingenier\u00eda continued with the technological development of solutions to different production processes, being able to create a non-conventional hydrogen generator.<br \/>\nIn addition to its technological vocation, Eman was backed from the outset by key clients in the industrial and energy sector, who placed their trust in a young company with a deep vocation for service. Since then, Eman Ingenier\u00eda has focused on the development of projects and the provision of technical services to its clients, in projects of all kinds throughout the country.    \t\t\t<\/p>\n            <\/div>\n\t\t\t<\/div>\n                <\/div>\n    <\/div>[vc_empty_space]<\/div>\t\t<\/div>\n\t<\/div>\n<\/div><div class=\"edgtf-eh-item    \"  data-item-class=\"edgtf-eh-custom-2293\" data-768-1024=\"16px 0 0 0\">\n\t<div class=\"edgtf-eh-item-inner\">\n\t\t<div class=\"edgtf-eh-item-content edgtf-eh-custom-2293\" style=\"padding: 0 0 0 0\">\n\t\t\t<div class=\"edgtf-parallax-holder\" data-parallax=\"{&quot;y&quot;: -70, &quot;smoothness&quot;: 20}\"><div class=\"edgtf-single-image-holder   \">\n    <div class=\"edgtf-si-inner\" >\n                                    <img title=\"Eman\" loading=\"lazy\" decoding=\"async\" src=\"https:\/\/emaningenieria.com\/wp-content\/uploads\/2019\/11\/foto-desarrollo-Eman-560x750.jpg\" alt=\"Eman\" width=\"560\" height=\"750\" \/>                        <\/div>\n<\/div><\/div>\t\t<\/div>\n\t<\/div>\n<\/div><\/div>[\/vc_column][\/vc_row][vc_row css=&#8221;.vc_custom_1608121916479{padding-top: 20px !important;padding-bottom: 55px !important;}&#8221;][vc_column][vc_row_inner row_content_width=&#8221;grid&#8221;][vc_column_inner]<div class=\"edgtf-elements-holder   edgtf-three-columns edgtf-ehi-float edgtf-responsive-mode-768 edgtf-one-column-alignment-left\" ><div class=\"edgtf-eh-item    \"  data-item-class=\"edgtf-eh-custom-9238\">\n\t<div class=\"edgtf-eh-item-inner\">\n\t\t<div class=\"edgtf-eh-item-content edgtf-eh-custom-9238\" style=\"padding: 25px 25px 25px 25px\">\n\t\t\t[vc_column_text]<\/p>\n<h2><span style=\"color: #ba377e;\">MISSION.<\/span><\/h2>\n<p style=\"text-align: justify;\">In an increasingly globalized market and in constant renewal, we observe the lack of dynamism of the industrial sector with respect to the rest. Its energy sources have remained the same for decades and its waste management is disastrous, due to the lack of efficiency in industrial designs, very constrained by generalized standards for all industries. Eman Ingenier\u00eda was born to change things. We provide new solutions through different research projects related to energy and waste management. In addition, <strong>we adapt the solutions to the needs of each client<\/strong>, offering a personalized service, developing new products that improve their production chain.<\/p>\n<p>[\/vc_column_text]\t\t<\/div>\n\t<\/div>\n<\/div><div class=\"edgtf-eh-item    \"  data-item-class=\"edgtf-eh-custom-5466\">\n\t<div class=\"edgtf-eh-item-inner\">\n\t\t<div class=\"edgtf-eh-item-content edgtf-eh-custom-5466\" style=\"padding: 25px 25px 25px 25px\">\n\t\t\t[vc_column_text]<\/p>\n<h2><span style=\"color: #004ea5;\">VISION.<\/span><\/h2>\n<p style=\"text-align: justify;\">Our goal is to position ourselves as a <strong>benchmark in the industrial and energy sector<\/strong>, as a technical company capable of adapting to the real needs of our customers. All this without forgetting the development of new forms of energy generation and management that make production processes more competitive. The design and development of our own technology is the key to positioning ourselves as a benchmark company in the sector. We have three main objectives in mind:<\/p>\n<p style=\"text-align: left;\">&#8211; Economic savings<\/p>\n<p style=\"text-align: left;\">&#8211; Reduction of polluting emissions.<\/p>\n<p style=\"text-align: left;\">&#8211; Energy independence.<\/p>\n<p>[\/vc_column_text]\t\t<\/div>\n\t<\/div>\n<\/div><div class=\"edgtf-eh-item    \"  data-item-class=\"edgtf-eh-custom-4122\">\n\t<div class=\"edgtf-eh-item-inner\">\n\t\t<div class=\"edgtf-eh-item-content edgtf-eh-custom-4122\" style=\"padding: 25px 25px 25px 25px\">\n\t\t\t[vc_column_text]<\/p>\n<h2><span style=\"color: #f07e55;\">VALUES.<\/span><\/h2>\n<p style=\"text-align: justify;\"><strong><strong>At Eman we understand<\/strong> excellence as a path and not as an objective to be achieved. Dynamism and flexibility in a company are fundamental, but, in addition, at Eman we take great care in the quality of our products and services as well as in the way we treat our customers. <\/strong><\/p>\n<p style=\"text-align: justify;\">Eman is a young and modern company that faces with responsibility and courage all the projects and challenges that our day to day life may present. One of our main objectives is to make<strong> the life of our customers easier and more efficient<\/strong>, hence we provide solutions and treat with the importance it deserves any need that our customers may have.<\/p>\n<p>[\/vc_column_text]\t\t<\/div>\n\t<\/div>\n<\/div><\/div>[\/vc_column_inner][\/vc_row_inner][\/vc_column][\/vc_row]<\/p>\n","protected":false},"excerpt":{"rendered":"<p>[vc_row row_content_width=&#8221;grid&#8221; css=&#8221;.vc_custom_1575299006670{padding-top: 100px !important;}&#8221;][vc_column][\/vc_column][\/vc_row][vc_row css=&#8221;.vc_custom_1574178724254{padding-top: 75px !important;}&#8221;][vc_column][vc_empty_space height=&#8221;65px&#8221;][\/vc_column][\/vc_row][vc_row row_content_width=&#8221;grid&#8221;][vc_column][\/vc_column][\/vc_row][vc_row row_content_width=&#8221;grid&#8221; css=&#8221;.vc_custom_1574178747082{padding-top: 100px !important;padding-bottom: 100px !important;}&#8221;][vc_column][\/vc_column][\/vc_row][vc_row css=&#8221;.vc_custom_1608121916479{padding-top: 20px !important;padding-bottom: 55px !important;}&#8221;][vc_column][vc_row_inner row_content_width=&#8221;grid&#8221;][vc_column_inner][\/vc_column_inner][\/vc_row_inner][\/vc_column][\/vc_row]<\/p>\n","protected":false},"author":1,"featured_media":0,"parent":0,"menu_order":0,"comment_status":"closed","ping_status":"closed","template":"full-width.php","meta":{"footnotes":""},"class_list":["post-7974","page","type-page","status-publish","hentry"],"yoast_head":"<!-- This site is optimized with the Yoast SEO plugin v25.3 - https:\/\/yoast.com\/wordpress\/plugins\/seo\/ -->\n<title>Meet Eman - Eman Ingenier\u00eda - Industrial Projects<\/title>\n<meta name=\"description\" content=\"Eman&#039;s experience in industrial projects gives us the necessary background in design, installation, management and commissioning tasks.\" \/>\n<meta name=\"robots\" content=\"index, follow, max-snippet:-1, max-image-preview:large, max-video-preview:-1\" \/>\n<link rel=\"canonical\" href=\"https:\/\/emaningenieria.com\/en\/eman\/\" \/>\n<meta property=\"og:locale\" content=\"en_US\" \/>\n<meta property=\"og:type\" content=\"article\" \/>\n<meta property=\"og:title\" content=\"Meet Eman - Eman Ingenier\u00eda - Industrial Projects\" \/>\n<meta property=\"og:description\" content=\"Eman&#039;s experience in industrial projects gives us the necessary background in design, installation, management and commissioning tasks.\" \/>\n<meta property=\"og:url\" content=\"https:\/\/emaningenieria.com\/en\/eman\/\" \/>\n<meta property=\"og:site_name\" content=\"Eman Ingenier\u00eda\" \/>\n<meta property=\"article:publisher\" content=\"https:\/\/www.facebook.com\/emaningenieria\/\" \/>\n<meta property=\"article:modified_time\" content=\"2021-11-10T08:59:17+00:00\" \/>\n<meta name=\"twitter:card\" content=\"summary_large_image\" \/>\n<meta name=\"twitter:label1\" content=\"Est. reading time\" \/>\n\t<meta name=\"twitter:data1\" content=\"4 minutes\" \/>\n<script type=\"application\/ld+json\" class=\"yoast-schema-graph\">{\"@context\":\"https:\/\/schema.org\",\"@graph\":[{\"@type\":\"WebPage\",\"@id\":\"https:\/\/emaningenieria.com\/en\/eman\/\",\"url\":\"https:\/\/emaningenieria.com\/en\/eman\/\",\"name\":\"Meet Eman - Eman Ingenier\u00eda - Industrial Projects\",\"isPartOf\":{\"@id\":\"https:\/\/emaningenieria.com\/#website\"},\"datePublished\":\"2021-11-03T13:42:47+00:00\",\"dateModified\":\"2021-11-10T08:59:17+00:00\",\"description\":\"Eman's experience in industrial projects gives us the necessary background in design, installation, management and commissioning tasks.\",\"breadcrumb\":{\"@id\":\"https:\/\/emaningenieria.com\/en\/eman\/#breadcrumb\"},\"inLanguage\":\"en-US\",\"potentialAction\":[{\"@type\":\"ReadAction\",\"target\":[\"https:\/\/emaningenieria.com\/en\/eman\/\"]}]},{\"@type\":\"BreadcrumbList\",\"@id\":\"https:\/\/emaningenieria.com\/en\/eman\/#breadcrumb\",\"itemListElement\":[{\"@type\":\"ListItem\",\"position\":1,\"name\":\"Portada\",\"item\":\"https:\/\/emaningenieria.com\/en\/\"},{\"@type\":\"ListItem\",\"position\":2,\"name\":\"Eman\"}]},{\"@type\":\"WebSite\",\"@id\":\"https:\/\/emaningenieria.com\/#website\",\"url\":\"https:\/\/emaningenieria.com\/\",\"name\":\"Eman Ingenier\u00eda\",\"description\":\"Consultora t\u00e9cnica de ingenier\u00eda de los sectores industrial y energ\u00e9tico\",\"publisher\":{\"@id\":\"https:\/\/emaningenieria.com\/#organization\"},\"potentialAction\":[{\"@type\":\"SearchAction\",\"target\":{\"@type\":\"EntryPoint\",\"urlTemplate\":\"https:\/\/emaningenieria.com\/?s={search_term_string}\"},\"query-input\":{\"@type\":\"PropertyValueSpecification\",\"valueRequired\":true,\"valueName\":\"search_term_string\"}}],\"inLanguage\":\"en-US\"},{\"@type\":\"Organization\",\"@id\":\"https:\/\/emaningenieria.com\/#organization\",\"name\":\"Eman Ingenier\u00eda\",\"url\":\"https:\/\/emaningenieria.com\/\",\"logo\":{\"@type\":\"ImageObject\",\"inLanguage\":\"en-US\",\"@id\":\"https:\/\/emaningenieria.com\/#\/schema\/logo\/image\/\",\"url\":\"https:\/\/emaningenieria.com\/wp-content\/uploads\/2019\/11\/logo-sticky-Eman.png\",\"contentUrl\":\"https:\/\/emaningenieria.com\/wp-content\/uploads\/2019\/11\/logo-sticky-Eman.png\",\"width\":92,\"height\":68,\"caption\":\"Eman Ingenier\u00eda\"},\"image\":{\"@id\":\"https:\/\/emaningenieria.com\/#\/schema\/logo\/image\/\"},\"sameAs\":[\"https:\/\/www.facebook.com\/emaningenieria\/\",\"https:\/\/www.linkedin.com\/company\/eman-ingenieria\/\"]}]}<\/script>\n<!-- \/ Yoast SEO plugin. -->","yoast_head_json":{"title":"Meet Eman - Eman Ingenier\u00eda - Industrial Projects","description":"Eman's experience in industrial projects gives us the necessary background in design, installation, management and commissioning tasks.","robots":{"index":"index","follow":"follow","max-snippet":"max-snippet:-1","max-image-preview":"max-image-preview:large","max-video-preview":"max-video-preview:-1"},"canonical":"https:\/\/emaningenieria.com\/en\/eman\/","og_locale":"en_US","og_type":"article","og_title":"Meet Eman - Eman Ingenier\u00eda - Industrial Projects","og_description":"Eman's experience in industrial projects gives us the necessary background in design, installation, management and commissioning tasks.","og_url":"https:\/\/emaningenieria.com\/en\/eman\/","og_site_name":"Eman Ingenier\u00eda","article_publisher":"https:\/\/www.facebook.com\/emaningenieria\/","article_modified_time":"2021-11-10T08:59:17+00:00","twitter_card":"summary_large_image","twitter_misc":{"Est. reading time":"4 minutes"},"schema":{"@context":"https:\/\/schema.org","@graph":[{"@type":"WebPage","@id":"https:\/\/emaningenieria.com\/en\/eman\/","url":"https:\/\/emaningenieria.com\/en\/eman\/","name":"Meet Eman - Eman Ingenier\u00eda - Industrial Projects","isPartOf":{"@id":"https:\/\/emaningenieria.com\/#website"},"datePublished":"2021-11-03T13:42:47+00:00","dateModified":"2021-11-10T08:59:17+00:00","description":"Eman's experience in industrial projects gives us the necessary background in design, installation, management and commissioning tasks.","breadcrumb":{"@id":"https:\/\/emaningenieria.com\/en\/eman\/#breadcrumb"},"inLanguage":"en-US","potentialAction":[{"@type":"ReadAction","target":["https:\/\/emaningenieria.com\/en\/eman\/"]}]},{"@type":"BreadcrumbList","@id":"https:\/\/emaningenieria.com\/en\/eman\/#breadcrumb","itemListElement":[{"@type":"ListItem","position":1,"name":"Portada","item":"https:\/\/emaningenieria.com\/en\/"},{"@type":"ListItem","position":2,"name":"Eman"}]},{"@type":"WebSite","@id":"https:\/\/emaningenieria.com\/#website","url":"https:\/\/emaningenieria.com\/","name":"Eman Ingenier\u00eda","description":"Consultora t\u00e9cnica de ingenier\u00eda de los sectores industrial y energ\u00e9tico","publisher":{"@id":"https:\/\/emaningenieria.com\/#organization"},"potentialAction":[{"@type":"SearchAction","target":{"@type":"EntryPoint","urlTemplate":"https:\/\/emaningenieria.com\/?s={search_term_string}"},"query-input":{"@type":"PropertyValueSpecification","valueRequired":true,"valueName":"search_term_string"}}],"inLanguage":"en-US"},{"@type":"Organization","@id":"https:\/\/emaningenieria.com\/#organization","name":"Eman Ingenier\u00eda","url":"https:\/\/emaningenieria.com\/","logo":{"@type":"ImageObject","inLanguage":"en-US","@id":"https:\/\/emaningenieria.com\/#\/schema\/logo\/image\/","url":"https:\/\/emaningenieria.com\/wp-content\/uploads\/2019\/11\/logo-sticky-Eman.png","contentUrl":"https:\/\/emaningenieria.com\/wp-content\/uploads\/2019\/11\/logo-sticky-Eman.png","width":92,"height":68,"caption":"Eman Ingenier\u00eda"},"image":{"@id":"https:\/\/emaningenieria.com\/#\/schema\/logo\/image\/"},"sameAs":["https:\/\/www.facebook.com\/emaningenieria\/","https:\/\/www.linkedin.com\/company\/eman-ingenieria\/"]}]}},"_links":{"self":[{"href":"https:\/\/emaningenieria.com\/en\/wp-json\/wp\/v2\/pages\/7974","targetHints":{"allow":["GET"]}}],"collection":[{"href":"https:\/\/emaningenieria.com\/en\/wp-json\/wp\/v2\/pages"}],"about":[{"href":"https:\/\/emaningenieria.com\/en\/wp-json\/wp\/v2\/types\/page"}],"author":[{"embeddable":true,"href":"https:\/\/emaningenieria.com\/en\/wp-json\/wp\/v2\/users\/1"}],"replies":[{"embeddable":true,"href":"https:\/\/emaningenieria.com\/en\/wp-json\/wp\/v2\/comments?post=7974"}],"version-history":[{"count":0,"href":"https:\/\/emaningenieria.com\/en\/wp-json\/wp\/v2\/pages\/7974\/revisions"}],"wp:attachment":[{"href":"https:\/\/emaningenieria.com\/en\/wp-json\/wp\/v2\/media?parent=7974"}],"curies":[{"name":"wp","href":"https:\/\/api.w.org\/{rel}","templated":true}]}}