{"id":7997,"date":"2021-11-03T16:41:26","date_gmt":"2021-11-03T15:41:26","guid":{"rendered":"https:\/\/emaningenieria.com\/rd\/"},"modified":"2021-11-10T10:04:55","modified_gmt":"2021-11-10T09:04:55","slug":"rd","status":"publish","type":"page","link":"https:\/\/emaningenieria.com\/en\/rd\/","title":{"rendered":"R&#038;D"},"content":{"rendered":"<p>[vc_row row_content_width=&#8221;grid&#8221; css=&#8221;.vc_custom_1575459846664{padding-top: 100px !important;padding-bottom: 80px !important;}&#8221;][vc_column width=&#8221;1\/4&#8243;][vc_single_image image=&#8221;7854&#8243; img_size=&#8221;medium&#8221; alignment=&#8221;center&#8221;][\/vc_column][vc_column width=&#8221;3\/4&#8243; css=&#8221;.vc_custom_1575459293127{padding-top: 30px !important;}&#8221;][vc_custom_heading text=&#8221;R&amp;D DEPARTMENT&#8221; font_container=&#8221;tag:h1|font_size:33|text_align:left&#8221; use_theme_fonts=&#8221;yes&#8221;][vc_column_text]In addition to the development and execution of thermal power generation plants, based on Eman_08 technology, the most reliable guarantee of our technical capacity, Eman Ingenier\u00eda offers its clients the development of projects and technical services to contribute to the progress of our industry.<\/p>\n<p>We are specialists in the technological development of new technologies related to the generation and consumption of electricity from hydrogen. This innovative field is Eman&#8217;s commitment to contribute to a more efficient and sustainable energy future.[\/vc_column_text][vc_column_text]<\/p>\n<h2>PRODUCT DEVELOPMENT<\/h2>\n<p>[\/vc_column_text][vc_column_text]In addition to the development of our own R&amp;D, we offer our clients our capacity and experience for the development of innovative projects.[\/vc_column_text][\/vc_column][\/vc_row][vc_row gap=&#8221;10&#8243; row_content_width=&#8221;grid&#8221; css=&#8221;.vc_custom_1576068150356{padding-bottom: 100px !important;}&#8221;][vc_column]<div class=\"edgtf-elements-holder   edgtf-three-columns  edgtf-responsive-mode-768 \" ><div class=\"edgtf-eh-item    \"  data-item-class=\"edgtf-eh-custom-3291\">\n\t<div class=\"edgtf-eh-item-inner\">\n\t\t<div class=\"edgtf-eh-item-content edgtf-eh-custom-3291\" >\n\t\t\t[vc_single_image image=&#8221;7852&#8243; img_size=&#8221;full&#8221; alignment=&#8221;center&#8221; css=&#8221;.vc_custom_1576068574784{padding-top: 10px !important;padding-right: 10px !important;padding-bottom: 10px !important;padding-left: 10px !important;}&#8221;][vc_column_text]<\/p>\n<h3 style=\"font-size: 18px; text-align: center;\">PROCESS SOLUTIONS<\/h3>\n<p>[\/vc_column_text]\t\t<\/div>\n\t<\/div>\n<\/div><div class=\"edgtf-eh-item    \"  data-item-class=\"edgtf-eh-custom-7460\">\n\t<div class=\"edgtf-eh-item-inner\">\n\t\t<div class=\"edgtf-eh-item-content edgtf-eh-custom-7460\" >\n\t\t\t[vc_single_image image=&#8221;7853&#8243; img_size=&#8221;full&#8221; alignment=&#8221;center&#8221; css=&#8221;.vc_custom_1576068585188{padding-top: 10px !important;padding-right: 10px !important;padding-bottom: 10px !important;padding-left: 10px !important;}&#8221;][vc_column_text]<\/p>\n<h3 style=\"font-size: 18px; text-align: center;\">INNOVATIVE TOOLING<\/h3>\n<p>[\/vc_column_text]\t\t<\/div>\n\t<\/div>\n<\/div><div class=\"edgtf-eh-item    \"  data-item-class=\"edgtf-eh-custom-7610\">\n\t<div class=\"edgtf-eh-item-inner\">\n\t\t<div class=\"edgtf-eh-item-content edgtf-eh-custom-7610\" >\n\t\t\t[vc_single_image image=&#8221;7851&#8243; img_size=&#8221;full&#8221; alignment=&#8221;center&#8221; css=&#8221;.vc_custom_1576068597148{padding-top: 10px !important;padding-right: 10px !important;padding-bottom: 10px !important;padding-left: 10px !important;}&#8221;][vc_column_text]<\/p>\n<h3 style=\"font-size: 18px; text-align: center;\">MANUFACTURING AND DESIGN OF PARTS<\/h3>\n<p>[\/vc_column_text]\t\t<\/div>\n\t<\/div>\n<\/div><\/div>[\/vc_column][\/vc_row][vc_row disable_background_image=&#8221;&#8221; css=&#8221;.vc_custom_1575458136120{padding-top: 50px !important;padding-bottom: 50px !important;background-position: center !important;background-repeat: no-repeat !important;background-size: cover !important;}&#8221; simple_background_image=&#8221;4172&#8243;][vc_column][vc_row_inner row_content_width=&#8221;grid&#8221;][vc_column_inner css=&#8221;.vc_custom_1575365153782{padding-top: 50px !important;padding-bottom: 50px !important;}&#8221;]<div class=\"edgtf-elements-holder   edgtf-two-columns  edgtf-responsive-mode-768 \" ><div class=\"edgtf-eh-item    \"  data-item-class=\"edgtf-eh-custom-6351\" data-680=\"0px 10px 0px 10px\">\n\t<div class=\"edgtf-eh-item-inner\">\n\t\t<div class=\"edgtf-eh-item-content edgtf-eh-custom-6351\" >\n\t\t\t[vc_column_text]<\/p>\n<h3 style=\"color: white;\">OUR PROJECTS<\/h3>\n<p style=\"color: white; font-weight: bold; font-size: 15px;\">The experience of the entire Eman team in a multitude of industrial projects of all kinds gives us the necessary background in the tasks of design, installation, management and commissioning of different projects.<\/p>\n<p>[\/vc_column_text][vc_empty_space height=&#8221;35px&#8221;]\t\t<\/div>\n\t<\/div>\n<\/div><div class=\"edgtf-eh-item    \"  data-item-class=\"edgtf-eh-custom-4239\">\n\t<div class=\"edgtf-eh-item-inner\">\n\t\t<div class=\"edgtf-eh-item-content edgtf-eh-custom-4239\" >\n\t\t\t\t\t<\/div>\n\t<\/div>\n<\/div><\/div>[\/vc_column_inner][\/vc_row_inner][\/vc_column][\/vc_row]<\/p>\n","protected":false},"excerpt":{"rendered":"<p>[vc_row row_content_width=&#8221;grid&#8221; css=&#8221;.vc_custom_1575459846664{padding-top: 100px !important;padding-bottom: 80px !important;}&#8221;][vc_column width=&#8221;1\/4&#8243;][vc_single_image image=&#8221;7854&#8243; img_size=&#8221;medium&#8221; alignment=&#8221;center&#8221;][\/vc_column][vc_column width=&#8221;3\/4&#8243; css=&#8221;.vc_custom_1575459293127{padding-top: 30px !important;}&#8221;][vc_custom_heading text=&#8221;R&amp;D DEPARTMENT&#8221; font_container=&#8221;tag:h1|font_size:33|text_align:left&#8221; use_theme_fonts=&#8221;yes&#8221;][vc_column_text]In addition to the development and execution of thermal power generation plants, based on Eman_08 technology, the most reliable guarantee of our [&hellip;]<\/p>\n","protected":false},"author":1,"featured_media":0,"parent":0,"menu_order":0,"comment_status":"closed","ping_status":"closed","template":"full-width.php","meta":{"footnotes":""},"class_list":["post-7997","page","type-page","status-publish","hentry"],"yoast_head":"<!-- This site is optimized with the Yoast SEO plugin v25.3 - https:\/\/yoast.com\/wordpress\/plugins\/seo\/ -->\n<title>R&amp;D - Eman Ingenier\u00eda - Industrial Engineering Projects<\/title>\n<meta name=\"description\" content=\"In addition to the development of our own R&amp;D, we offer our clients our capacity to develop industrial engineering projects.\" \/>\n<meta name=\"robots\" content=\"index, follow, max-snippet:-1, max-image-preview:large, max-video-preview:-1\" \/>\n<link rel=\"canonical\" href=\"https:\/\/emaningenieria.com\/en\/rd\/\" \/>\n<meta property=\"og:locale\" content=\"en_US\" \/>\n<meta property=\"og:type\" content=\"article\" \/>\n<meta property=\"og:title\" content=\"R&amp;D - Eman Ingenier\u00eda - Industrial Engineering Projects\" \/>\n<meta property=\"og:description\" content=\"In addition to the development of our own R&amp;D, we offer our clients our capacity to develop industrial engineering projects.\" \/>\n<meta property=\"og:url\" content=\"https:\/\/emaningenieria.com\/en\/rd\/\" \/>\n<meta property=\"og:site_name\" content=\"Eman Ingenier\u00eda\" \/>\n<meta property=\"article:publisher\" content=\"https:\/\/www.facebook.com\/emaningenieria\/\" \/>\n<meta property=\"article:modified_time\" content=\"2021-11-10T09:04:55+00:00\" \/>\n<meta name=\"twitter:card\" content=\"summary_large_image\" \/>\n<meta name=\"twitter:label1\" content=\"Est. reading time\" \/>\n\t<meta name=\"twitter:data1\" content=\"2 minutes\" \/>\n<script type=\"application\/ld+json\" class=\"yoast-schema-graph\">{\"@context\":\"https:\/\/schema.org\",\"@graph\":[{\"@type\":\"WebPage\",\"@id\":\"https:\/\/emaningenieria.com\/en\/rd\/\",\"url\":\"https:\/\/emaningenieria.com\/en\/rd\/\",\"name\":\"R&D - Eman Ingenier\u00eda - Industrial Engineering Projects\",\"isPartOf\":{\"@id\":\"https:\/\/emaningenieria.com\/#website\"},\"datePublished\":\"2021-11-03T15:41:26+00:00\",\"dateModified\":\"2021-11-10T09:04:55+00:00\",\"description\":\"In addition to the development of our own R&D, we offer our clients our capacity to develop industrial engineering projects.\",\"breadcrumb\":{\"@id\":\"https:\/\/emaningenieria.com\/en\/rd\/#breadcrumb\"},\"inLanguage\":\"en-US\",\"potentialAction\":[{\"@type\":\"ReadAction\",\"target\":[\"https:\/\/emaningenieria.com\/en\/rd\/\"]}]},{\"@type\":\"BreadcrumbList\",\"@id\":\"https:\/\/emaningenieria.com\/en\/rd\/#breadcrumb\",\"itemListElement\":[{\"@type\":\"ListItem\",\"position\":1,\"name\":\"Portada\",\"item\":\"https:\/\/emaningenieria.com\/en\/\"},{\"@type\":\"ListItem\",\"position\":2,\"name\":\"R&#038;D\"}]},{\"@type\":\"WebSite\",\"@id\":\"https:\/\/emaningenieria.com\/#website\",\"url\":\"https:\/\/emaningenieria.com\/\",\"name\":\"Eman Ingenier\u00eda\",\"description\":\"Consultora t\u00e9cnica de ingenier\u00eda de los sectores industrial y energ\u00e9tico\",\"publisher\":{\"@id\":\"https:\/\/emaningenieria.com\/#organization\"},\"potentialAction\":[{\"@type\":\"SearchAction\",\"target\":{\"@type\":\"EntryPoint\",\"urlTemplate\":\"https:\/\/emaningenieria.com\/?s={search_term_string}\"},\"query-input\":{\"@type\":\"PropertyValueSpecification\",\"valueRequired\":true,\"valueName\":\"search_term_string\"}}],\"inLanguage\":\"en-US\"},{\"@type\":\"Organization\",\"@id\":\"https:\/\/emaningenieria.com\/#organization\",\"name\":\"Eman Ingenier\u00eda\",\"url\":\"https:\/\/emaningenieria.com\/\",\"logo\":{\"@type\":\"ImageObject\",\"inLanguage\":\"en-US\",\"@id\":\"https:\/\/emaningenieria.com\/#\/schema\/logo\/image\/\",\"url\":\"https:\/\/emaningenieria.com\/wp-content\/uploads\/2019\/11\/logo-sticky-Eman.png\",\"contentUrl\":\"https:\/\/emaningenieria.com\/wp-content\/uploads\/2019\/11\/logo-sticky-Eman.png\",\"width\":92,\"height\":68,\"caption\":\"Eman Ingenier\u00eda\"},\"image\":{\"@id\":\"https:\/\/emaningenieria.com\/#\/schema\/logo\/image\/\"},\"sameAs\":[\"https:\/\/www.facebook.com\/emaningenieria\/\",\"https:\/\/www.linkedin.com\/company\/eman-ingenieria\/\"]}]}<\/script>\n<!-- \/ Yoast SEO plugin. -->","yoast_head_json":{"title":"R&D - Eman Ingenier\u00eda - Industrial Engineering Projects","description":"In addition to the development of our own R&D, we offer our clients our capacity to develop industrial engineering projects.","robots":{"index":"index","follow":"follow","max-snippet":"max-snippet:-1","max-image-preview":"max-image-preview:large","max-video-preview":"max-video-preview:-1"},"canonical":"https:\/\/emaningenieria.com\/en\/rd\/","og_locale":"en_US","og_type":"article","og_title":"R&D - Eman Ingenier\u00eda - Industrial Engineering Projects","og_description":"In addition to the development of our own R&D, we offer our clients our capacity to develop industrial engineering projects.","og_url":"https:\/\/emaningenieria.com\/en\/rd\/","og_site_name":"Eman Ingenier\u00eda","article_publisher":"https:\/\/www.facebook.com\/emaningenieria\/","article_modified_time":"2021-11-10T09:04:55+00:00","twitter_card":"summary_large_image","twitter_misc":{"Est. reading time":"2 minutes"},"schema":{"@context":"https:\/\/schema.org","@graph":[{"@type":"WebPage","@id":"https:\/\/emaningenieria.com\/en\/rd\/","url":"https:\/\/emaningenieria.com\/en\/rd\/","name":"R&D - Eman Ingenier\u00eda - Industrial Engineering Projects","isPartOf":{"@id":"https:\/\/emaningenieria.com\/#website"},"datePublished":"2021-11-03T15:41:26+00:00","dateModified":"2021-11-10T09:04:55+00:00","description":"In addition to the development of our own R&D, we offer our clients our capacity to develop industrial engineering projects.","breadcrumb":{"@id":"https:\/\/emaningenieria.com\/en\/rd\/#breadcrumb"},"inLanguage":"en-US","potentialAction":[{"@type":"ReadAction","target":["https:\/\/emaningenieria.com\/en\/rd\/"]}]},{"@type":"BreadcrumbList","@id":"https:\/\/emaningenieria.com\/en\/rd\/#breadcrumb","itemListElement":[{"@type":"ListItem","position":1,"name":"Portada","item":"https:\/\/emaningenieria.com\/en\/"},{"@type":"ListItem","position":2,"name":"R&#038;D"}]},{"@type":"WebSite","@id":"https:\/\/emaningenieria.com\/#website","url":"https:\/\/emaningenieria.com\/","name":"Eman Ingenier\u00eda","description":"Consultora t\u00e9cnica de ingenier\u00eda de los sectores industrial y energ\u00e9tico","publisher":{"@id":"https:\/\/emaningenieria.com\/#organization"},"potentialAction":[{"@type":"SearchAction","target":{"@type":"EntryPoint","urlTemplate":"https:\/\/emaningenieria.com\/?s={search_term_string}"},"query-input":{"@type":"PropertyValueSpecification","valueRequired":true,"valueName":"search_term_string"}}],"inLanguage":"en-US"},{"@type":"Organization","@id":"https:\/\/emaningenieria.com\/#organization","name":"Eman Ingenier\u00eda","url":"https:\/\/emaningenieria.com\/","logo":{"@type":"ImageObject","inLanguage":"en-US","@id":"https:\/\/emaningenieria.com\/#\/schema\/logo\/image\/","url":"https:\/\/emaningenieria.com\/wp-content\/uploads\/2019\/11\/logo-sticky-Eman.png","contentUrl":"https:\/\/emaningenieria.com\/wp-content\/uploads\/2019\/11\/logo-sticky-Eman.png","width":92,"height":68,"caption":"Eman Ingenier\u00eda"},"image":{"@id":"https:\/\/emaningenieria.com\/#\/schema\/logo\/image\/"},"sameAs":["https:\/\/www.facebook.com\/emaningenieria\/","https:\/\/www.linkedin.com\/company\/eman-ingenieria\/"]}]}},"_links":{"self":[{"href":"https:\/\/emaningenieria.com\/en\/wp-json\/wp\/v2\/pages\/7997","targetHints":{"allow":["GET"]}}],"collection":[{"href":"https:\/\/emaningenieria.com\/en\/wp-json\/wp\/v2\/pages"}],"about":[{"href":"https:\/\/emaningenieria.com\/en\/wp-json\/wp\/v2\/types\/page"}],"author":[{"embeddable":true,"href":"https:\/\/emaningenieria.com\/en\/wp-json\/wp\/v2\/users\/1"}],"replies":[{"embeddable":true,"href":"https:\/\/emaningenieria.com\/en\/wp-json\/wp\/v2\/comments?post=7997"}],"version-history":[{"count":0,"href":"https:\/\/emaningenieria.com\/en\/wp-json\/wp\/v2\/pages\/7997\/revisions"}],"wp:attachment":[{"href":"https:\/\/emaningenieria.com\/en\/wp-json\/wp\/v2\/media?parent=7997"}],"curies":[{"name":"wp","href":"https:\/\/api.w.org\/{rel}","templated":true}]}}