{"id":8001,"date":"2021-11-03T16:53:07","date_gmt":"2021-11-03T15:53:07","guid":{"rendered":"https:\/\/emaningenieria.com\/hydrogen\/"},"modified":"2021-11-10T10:03:06","modified_gmt":"2021-11-10T09:03:06","slug":"hydrogen","status":"publish","type":"page","link":"https:\/\/emaningenieria.com\/en\/hydrogen\/","title":{"rendered":"Hydrogen"},"content":{"rendered":"<p>[vc_row row_content_width=&#8221;grid&#8221; css=&#8221;.vc_custom_1604568344995{margin-top: 50px !important;}&#8221;][vc_column][vc_row_inner][vc_column_inner]<div class=\"edgtf-section-title-holder  edgtf-st-square  edgtf-st-position-left edgtf-appear-fx\" >\n\t        <div class=\"edgtf-st-square-holder\" style=\"color: #f2f3f4\">\n            <span class=\"line-top\"><\/span>\n            <span class=\"line-right\"><\/span>\n            <span class=\"line-bottom\"><\/span>\n            <span class=\"line-left\"><\/span>\n            <span class=\"line-mask\" ><\/span>\n    \t<div class=\"edgtf-st-inner\">\n                    <div class=\"edgtf-st-title-holder\">\n                <h1 class=\"edgtf-st-title\" >\n                    HYDROGEN AS AN ENERGY CARRIER                <\/h1>\n            <\/div>\n\t\t\t\t\t<\/div>\n                <\/div>\n    <\/div>[\/vc_column_inner][\/vc_row_inner][vc_row_inner][vc_column_inner][vc_column_text]<\/p>\n<p style=\"text-align: justify;\">At Eman we are committed to innovation and the development of new technologies that allow industry and the environment to coexist. Hydrogen has been one of our bets as an energy vector, to facilitate and make possible an economy free of CO2 emissions.<\/p>\n<p style=\"text-align: justify;\">We put all our engineering capacity at the service of hydrogen, since, in addition to participating in the development and execution of plants, we cover the entire value chain thanks to our association with leading companies in the sector.<\/p>\n<p>[\/vc_column_text][\/vc_column_inner][\/vc_row_inner][\/vc_column][\/vc_row][vc_row row_content_width=&#8221;grid&#8221; css=&#8221;.vc_custom_1604572501045{margin-top: 20px !important;}&#8221;][vc_column][vc_column_text]<\/p>\n<h4>WHAT SERVICES DO WE OFFER?<\/h4>\n<p>[\/vc_column_text][vc_empty_space height=&#8221;40px&#8221;][vc_row_inner][vc_column_inner width=&#8221;1\/2&#8243;]<div class=\"edgtf-elements-holder   edgtf-one-column  edgtf-responsive-mode-768 \" ><div class=\"edgtf-eh-item    \"  data-item-class=\"edgtf-eh-custom-5075\">\n\t<div class=\"edgtf-eh-item-inner\">\n\t\t<div class=\"edgtf-eh-item-content edgtf-eh-custom-5075\" style=\"padding: 20px\">\n\t\t\t<div class=\"edgtf-iwt clearfix  edgtf-iwt-icon-left edgtf-iwt-icon-medium\">\n\t<div class=\"edgtf-iwt-icon\">\n\t\t\t\t\t\t\t\t\t<img title=\"Icono Analisis Hidrogeno - Hidr\u00f3geno\" loading=\"lazy\" decoding=\"async\" width=\"32\" height=\"32\" src=\"https:\/\/emaningenieria.com\/wp-content\/uploads\/2020\/11\/icono-analisis-hidrogeno.png\" class=\"attachment-full size-full\" alt=\"Icono Analisis Hidrogeno\" \/>\t\t\t\t\t\t<\/div>\n\t<div class=\"edgtf-iwt-content\" >\n\t\t\t\t\t<h5 class=\"edgtf-iwt-title\" >\n\t\t\t\t\t\t\t\t<span class=\"edgtf-iwt-title-text\">TECHNO-ECONOMIC ANALYSIS, MODELLING AND FEASIBILITY STUDIES<\/span>\n\t\t\t\t\t\t\t<\/h5>\n\t\t\t\t\t<\/div>\n<\/div>\t\t<\/div>\n\t<\/div>\n<\/div><\/div><div class=\"edgtf-elements-holder   edgtf-one-column  edgtf-responsive-mode-768 \" ><div class=\"edgtf-eh-item    \"  data-item-class=\"edgtf-eh-custom-3223\">\n\t<div class=\"edgtf-eh-item-inner\">\n\t\t<div class=\"edgtf-eh-item-content edgtf-eh-custom-3223\" style=\"padding: 20px\">\n\t\t\t<div class=\"edgtf-iwt clearfix  edgtf-iwt-icon-left edgtf-iwt-icon-medium\">\n\t<div class=\"edgtf-iwt-icon\">\n\t\t\t\t\t\t\t\t\t<img title=\"Icono Detalle Hidrogeno - Hidr\u00f3geno\" loading=\"lazy\" decoding=\"async\" width=\"32\" height=\"32\" src=\"https:\/\/emaningenieria.com\/wp-content\/uploads\/2020\/11\/icono-detalle-hidrogeno.png\" class=\"attachment-full size-full\" alt=\"Icono Detalle Hidrogeno\" \/>\t\t\t\t\t\t<\/div>\n\t<div class=\"edgtf-iwt-content\" >\n\t\t\t\t\t<h5 class=\"edgtf-iwt-title\" >\n\t\t\t\t\t\t\t\t<span class=\"edgtf-iwt-title-text\">DETAILED WORK ON THE REGULATORY ENVIRONMENT AND ASSOCIATED MARKETS s<\/span>\n\t\t\t\t\t\t\t<\/h5>\n\t\t\t\t\t<\/div>\n<\/div>\t\t<\/div>\n\t<\/div>\n<\/div><\/div><div class=\"edgtf-elements-holder   edgtf-one-column  edgtf-responsive-mode-768 \" ><div class=\"edgtf-eh-item    \"  data-item-class=\"edgtf-eh-custom-5044\">\n\t<div class=\"edgtf-eh-item-inner\">\n\t\t<div class=\"edgtf-eh-item-content edgtf-eh-custom-5044\" style=\"padding: 20px\">\n\t\t\t<div class=\"edgtf-iwt clearfix  edgtf-iwt-icon-left edgtf-iwt-icon-medium\">\n\t<div class=\"edgtf-iwt-icon\">\n\t\t\t\t\t\t\t\t\t<img title=\"Icono Ciclo Hidrogeno - Hidr\u00f3geno\" loading=\"lazy\" decoding=\"async\" width=\"32\" height=\"32\" src=\"https:\/\/emaningenieria.com\/wp-content\/uploads\/2020\/11\/icono-ciclo-hidrogeno.png\" class=\"attachment-full size-full\" alt=\"Icono Ciclo Hidrogeno\" \/>\t\t\t\t\t\t<\/div>\n\t<div class=\"edgtf-iwt-content\" >\n\t\t\t\t\t<h5 class=\"edgtf-iwt-title\" >\n\t\t\t\t\t\t\t\t<span class=\"edgtf-iwt-title-text\">LIFE-CYCLE ANALYSIS OF COSTS, ENERGY USE AND EMISSIONS<\/span>\n\t\t\t\t\t\t\t<\/h5>\n\t\t\t\t\t<\/div>\n<\/div>\t\t<\/div>\n\t<\/div>\n<\/div><\/div>[\/vc_column_inner][vc_column_inner width=&#8221;1\/2&#8243;]<div class=\"edgtf-elements-holder   edgtf-one-column  edgtf-responsive-mode-768 \" ><div class=\"edgtf-eh-item    \"  data-item-class=\"edgtf-eh-custom-2481\">\n\t<div class=\"edgtf-eh-item-inner\">\n\t\t<div class=\"edgtf-eh-item-content edgtf-eh-custom-2481\" style=\"padding: 20px\">\n\t\t\t<div class=\"edgtf-iwt clearfix  edgtf-iwt-icon-left edgtf-iwt-icon-medium\">\n\t<div class=\"edgtf-iwt-icon\">\n\t\t\t\t\t\t\t\t\t<img title=\"Icono Calculo Hidrogeno - Hidr\u00f3geno\" loading=\"lazy\" decoding=\"async\" width=\"32\" height=\"32\" src=\"https:\/\/emaningenieria.com\/wp-content\/uploads\/2020\/11\/icono-calculo-hidrogeno.png\" class=\"attachment-full size-full\" alt=\"Icono Calculo Hidrogeno\" \/>\t\t\t\t\t\t<\/div>\n\t<div class=\"edgtf-iwt-content\" >\n\t\t\t\t\t<h5 class=\"edgtf-iwt-title\" >\n\t\t\t\t\t\t\t\t<span class=\"edgtf-iwt-title-text\">DESIGN AND CALCULATION OF INSTALLATIONS<\/span>\n\t\t\t\t\t\t\t<\/h5>\n\t\t\t\t\t<\/div>\n<\/div>\t\t<\/div>\n\t<\/div>\n<\/div><\/div><div class=\"edgtf-elements-holder   edgtf-one-column  edgtf-responsive-mode-768 \" ><div class=\"edgtf-eh-item    \"  data-item-class=\"edgtf-eh-custom-6271\">\n\t<div class=\"edgtf-eh-item-inner\">\n\t\t<div class=\"edgtf-eh-item-content edgtf-eh-custom-6271\" style=\"padding: 20px\">\n\t\t\t<div class=\"edgtf-iwt clearfix  edgtf-iwt-icon-left edgtf-iwt-icon-medium\">\n\t<div class=\"edgtf-iwt-icon\">\n\t\t\t\t\t\t\t\t\t<img title=\"Icono Integracion Hidrogeno - Hidr\u00f3geno\" loading=\"lazy\" decoding=\"async\" width=\"32\" height=\"32\" src=\"https:\/\/emaningenieria.com\/wp-content\/uploads\/2020\/11\/icono-integracion-hidrogeno.png\" class=\"attachment-full size-full\" alt=\"Icono Integracion Hidrogeno\" \/>\t\t\t\t\t\t<\/div>\n\t<div class=\"edgtf-iwt-content\" >\n\t\t\t\t\t<h5 class=\"edgtf-iwt-title\" >\n\t\t\t\t\t\t\t\t<span class=\"edgtf-iwt-title-text\">TEAM INTEGRATION<\/span>\n\t\t\t\t\t\t\t<\/h5>\n\t\t\t\t\t<\/div>\n<\/div>\t\t<\/div>\n\t<\/div>\n<\/div><\/div><div class=\"edgtf-elements-holder   edgtf-one-column  edgtf-responsive-mode-768 \" ><div class=\"edgtf-eh-item    \"  data-item-class=\"edgtf-eh-custom-2209\">\n\t<div class=\"edgtf-eh-item-inner\">\n\t\t<div class=\"edgtf-eh-item-content edgtf-eh-custom-2209\" style=\"padding: 20px\">\n\t\t\t<div class=\"edgtf-iwt clearfix  edgtf-iwt-icon-left edgtf-iwt-icon-medium\">\n\t<div class=\"edgtf-iwt-icon\">\n\t\t\t\t\t\t\t\t\t<img title=\"Icono Servicios Hidrogeno - Hidr\u00f3geno\" loading=\"lazy\" decoding=\"async\" width=\"32\" height=\"32\" src=\"https:\/\/emaningenieria.com\/wp-content\/uploads\/2020\/11\/icono-servicios-hidrogeno.png\" class=\"attachment-full size-full\" alt=\"Icono Servicios Hidrogeno\" \/>\t\t\t\t\t\t<\/div>\n\t<div class=\"edgtf-iwt-content\" >\n\t\t\t\t\t<h5 class=\"edgtf-iwt-title\" >\n\t\t\t\t\t\t\t\t<span class=\"edgtf-iwt-title-text\">TRANSVERSAL SERVICES TO ANY INDUSTRIAL PROJECT<\/span>\n\t\t\t\t\t\t\t<\/h5>\n\t\t\t\t\t<\/div>\n<\/div>\t\t<\/div>\n\t<\/div>\n<\/div><\/div>[\/vc_column_inner][\/vc_row_inner][vc_empty_space height=&#8221;70px&#8221;][\/vc_column][\/vc_row][vc_row row_content_width=&#8221;grid&#8221; css=&#8221;.vc_custom_1604573886222{margin-top: 50px !important;}&#8221;][vc_column width=&#8221;1\/2&#8243;]<div class=\"edgtf-section-title-holder  edgtf-st-square  edgtf-st-position-left edgtf-appear-fx\" >\n\t        <div class=\"edgtf-st-square-holder\" style=\"color: #d6d6d6\">\n            <span class=\"line-top\"><\/span>\n            <span class=\"line-right\"><\/span>\n            <span class=\"line-bottom\"><\/span>\n            <span class=\"line-left\"><\/span>\n            <span class=\"line-mask\" ><\/span>\n    \t<div class=\"edgtf-st-inner\">\n                    <div class=\"edgtf-st-title-holder\">\n                <h4 class=\"edgtf-st-title\" >\n                    HYDROGEN PRODUCTION                <\/h4>\n            <\/div>\n\t\t\t\t\t<\/div>\n                <\/div>\n    <\/div>[vc_column_text css_animation=&#8221;fadeInLeft&#8221;]<\/p>\n<p style=\"text-align: justify;\">This technology is based on the generation of hydrogen, a universal, light and very reactive fuel, through a chemical process known as electrolysis. In this process, the hydrogen is separated from the oxygen in the water by means of electrical currents, in such a way that we obtain a renewable fuel.<\/p>\n<p>[\/vc_column_text][\/vc_column][vc_column width=&#8221;1\/2&#8243;][vc_single_image image=&#8221;8134&#8243; img_size=&#8221;full&#8221; alignment=&#8221;center&#8221; css_animation=&#8221;none&#8221;][\/vc_column][\/vc_row][vc_row row_content_width=&#8221;grid&#8221; css=&#8221;.vc_custom_1604573886222{margin-top: 50px !important;}&#8221;][vc_column width=&#8221;1\/2&#8243;][vc_single_image image=&#8221;8132&#8243; img_size=&#8221;full&#8221; alignment=&#8221;center&#8221; css_animation=&#8221;none&#8221;][\/vc_column][vc_column width=&#8221;1\/2&#8243;]<div class=\"edgtf-section-title-holder  edgtf-st-square  edgtf-st-position-left edgtf-appear-fx\" >\n\t        <div class=\"edgtf-st-square-holder\" style=\"color: #d6d6d6\">\n            <span class=\"line-top\"><\/span>\n            <span class=\"line-right\"><\/span>\n            <span class=\"line-bottom\"><\/span>\n            <span class=\"line-left\"><\/span>\n            <span class=\"line-mask\" ><\/span>\n    \t<div class=\"edgtf-st-inner\">\n                    <div class=\"edgtf-st-title-holder\">\n                <h4 class=\"edgtf-st-title\" >\n                    HYDROGEN PRODUCTION, STORAGE, TRANSPORTATION AND USE                <\/h4>\n            <\/div>\n\t\t\t\t\t<\/div>\n                <\/div>\n    <\/div>[vc_column_text css_animation=&#8221;fadeInRight&#8221;]<\/p>\n<p style=\"text-align: justify;\">Hydrogen can be stored, transported and used without emitting carbon dioxide into the atmosphere.<\/p>\n<p>[\/vc_column_text][\/vc_column][\/vc_row][vc_row row_content_width=&#8221;grid&#8221; css=&#8221;.vc_custom_1604575167856{margin-top: 50px !important;}&#8221;][vc_column][vc_empty_space height=&#8221;50px&#8221;]<div class=\"edgtf-section-title-holder  edgtf-st-square  edgtf-st-position-left edgtf-appear-fx\" >\n\t        <div class=\"edgtf-st-square-holder\" style=\"color: #d6d6d6\">\n            <span class=\"line-top\"><\/span>\n            <span class=\"line-right\"><\/span>\n            <span class=\"line-bottom\"><\/span>\n            <span class=\"line-left\"><\/span>\n            <span class=\"line-mask\" ><\/span>\n    \t<div class=\"edgtf-st-inner\">\n                    <div class=\"edgtf-st-title-holder\">\n                <h4 class=\"edgtf-st-title\" >\n                    STAGES OF THE HYDROGEN VALUE CHAIN                <\/h4>\n            <\/div>\n\t\t\t\t\t<\/div>\n                <\/div>\n    <\/div>[vc_column_text css_animation=&#8221;fadeInLeft&#8221;]<\/p>\n<p style=\"text-align: justify;\">We are involved in the entire hydrogen value chain, from production, storage, transport and use of hydrogen. We are also part of the generation infrastructure and large-scale supply.<\/p>\n<p>[\/vc_column_text][vc_empty_space height=&#8221;50px&#8221;][vc_single_image image=&#8221;8130&#8243; img_size=&#8221;full&#8221; alignment=&#8221;center&#8221; css_animation=&#8221;none&#8221;][vc_empty_space height=&#8221;80px&#8221;][\/vc_column][\/vc_row][vc_row css=&#8221;.vc_custom_1604579194250{background-image: url(https:\/\/emaningenieria.com\/wp-content\/uploads\/2020\/11\/fondo-segundo-bloque-hidrogeno-oscuro.jpg?id=4977) !important;background-position: center !important;background-repeat: no-repeat !important;background-size: cover !important;}&#8221;][vc_column][vc_row_inner row_content_width=&#8221;grid&#8221; css=&#8221;.vc_custom_1604583633040{margin-top: 70px !important;}&#8221;][vc_column_inner]<div class=\"edgtf-section-title-holder  edgtf-st-square  edgtf-st-position-left edgtf-appear-fx\" >\n\t        <div class=\"edgtf-st-square-holder\" style=\"color: rgba(255,255,255,0.61)\">\n            <span class=\"line-top\"><\/span>\n            <span class=\"line-right\"><\/span>\n            <span class=\"line-bottom\"><\/span>\n            <span class=\"line-left\"><\/span>\n            <span class=\"line-mask\" ><\/span>\n    \t<div class=\"edgtf-st-inner\">\n                    <div class=\"edgtf-st-title-holder\">\n                <h2 class=\"edgtf-st-title\" style=\"color: #ffffff\">\n                    USES OF HYDROGEN                <\/h2>\n            <\/div>\n\t\t\t\t\t<\/div>\n                <\/div>\n    <\/div>[\/vc_column_inner][\/vc_row_inner][vc_row_inner row_content_width=&#8221;grid&#8221;][vc_column_inner][vc_empty_space][\/vc_column_inner][\/vc_row_inner][vc_row_inner row_content_width=&#8221;grid&#8221;][vc_column_inner width=&#8221;1\/4&#8243;][vc_single_image image=&#8221;7916&#8243; img_size=&#8221;full&#8221; alignment=&#8221;center&#8221;][vc_column_text]<\/p>\n<h5 style=\"text-align: center; color: white;\"><strong>ROAD TRANSPORT<\/strong><\/h5>\n<p>[\/vc_column_text][vc_empty_space height=&#8221;35px&#8221;][\/vc_column_inner][vc_column_inner width=&#8221;1\/4&#8243;][vc_single_image image=&#8221;7915&#8243; img_size=&#8221;full&#8221; alignment=&#8221;center&#8221;][vc_column_text]<\/p>\n<h5 style=\"text-align: center; color: white;\"><strong>RAIL TRANSPORT<\/strong><\/h5>\n<p>[\/vc_column_text][vc_empty_space height=&#8221;35px&#8221;][\/vc_column_inner][vc_column_inner width=&#8221;1\/4&#8243;][vc_single_image image=&#8221;7917&#8243; img_size=&#8221;full&#8221; alignment=&#8221;center&#8221;][vc_column_text]<\/p>\n<h5 style=\"text-align: center; color: white;\"><strong>MARITIME TRANSPORT<\/strong><\/h5>\n<p>[\/vc_column_text][vc_empty_space height=&#8221;35px&#8221;][\/vc_column_inner][vc_column_inner width=&#8221;1\/4&#8243;][vc_single_image image=&#8221;7913&#8243; img_size=&#8221;full&#8221; alignment=&#8221;center&#8221;][vc_column_text]<\/p>\n<h5 style=\"text-align: center; color: white;\"><strong>AVIATION<\/strong><\/h5>\n<p>[\/vc_column_text][vc_empty_space height=&#8221;35px&#8221;][\/vc_column_inner][\/vc_row_inner][vc_row_inner row_content_width=&#8221;grid&#8221;][vc_column_inner width=&#8221;1\/4&#8243;][vc_single_image image=&#8221;7918&#8243; img_size=&#8221;full&#8221; alignment=&#8221;center&#8221;][vc_column_text]<\/p>\n<h5 style=\"text-align: center; color: white;\"><strong>INDUSTRY<\/strong><\/h5>\n<p>[\/vc_column_text][\/vc_column_inner][vc_column_inner width=&#8221;1\/4&#8243;][vc_single_image image=&#8221;7919&#8243; img_size=&#8221;full&#8221; alignment=&#8221;center&#8221;][vc_column_text]<\/p>\n<h5 style=\"text-align: center; color: white;\"><strong>ELECTRICITY AND DRINKING WATER GENERATOR<\/strong><\/h5>\n<p>[\/vc_column_text][\/vc_column_inner][vc_column_inner width=&#8221;1\/4&#8243;][vc_single_image image=&#8221;7920&#8243; img_size=&#8221;full&#8221; alignment=&#8221;center&#8221;][vc_column_text]<\/p>\n<h5 style=\"text-align: center; color: white;\"><strong>ENERGY STORAGE<\/strong><\/h5>\n<p>[\/vc_column_text][\/vc_column_inner][vc_column_inner width=&#8221;1\/4&#8243;][vc_single_image image=&#8221;7921&#8243; img_size=&#8221;full&#8221; alignment=&#8221;center&#8221;][vc_column_text]<\/p>\n<h5 style=\"text-align: center; color: white;\"><strong>TRANSPORT AND MOBILITY<\/strong><\/h5>\n<p>[\/vc_column_text][\/vc_column_inner][\/vc_row_inner][vc_row_inner row_content_width=&#8221;grid&#8221;][vc_column_inner][vc_empty_space height=&#8221;100px&#8221;][\/vc_column_inner][\/vc_row_inner][\/vc_column][\/vc_row]<\/p>\n","protected":false},"excerpt":{"rendered":"<p>[vc_row row_content_width=&#8221;grid&#8221; css=&#8221;.vc_custom_1604568344995{margin-top: 50px !important;}&#8221;][vc_column][vc_row_inner][vc_column_inner][\/vc_column_inner][\/vc_row_inner][vc_row_inner][vc_column_inner][vc_column_text] At Eman we are committed to innovation and the development of new technologies that allow industry and the environment to coexist. Hydrogen has been one of our bets as an energy vector, to facilitate and [&hellip;]<\/p>\n","protected":false},"author":1,"featured_media":0,"parent":0,"menu_order":0,"comment_status":"closed","ping_status":"closed","template":"full-width.php","meta":{"footnotes":""},"class_list":["post-8001","page","type-page","status-publish","hentry"],"yoast_head":"<!-- This site is optimized with the Yoast SEO plugin v25.3 - https:\/\/yoast.com\/wordpress\/plugins\/seo\/ -->\n<title>Green Hydrogen - Hydrogen Engineering - Electrolysis<\/title>\n<meta name=\"description\" content=\"Hydrogen Engineering: This technology is based on the generation of hydrogen through a chemical process known as electrolysis.\" \/>\n<meta name=\"robots\" content=\"index, follow, max-snippet:-1, max-image-preview:large, max-video-preview:-1\" \/>\n<link rel=\"canonical\" href=\"https:\/\/emaningenieria.com\/en\/hydrogen\/\" \/>\n<meta property=\"og:locale\" content=\"en_US\" \/>\n<meta property=\"og:type\" content=\"article\" \/>\n<meta property=\"og:title\" content=\"Green Hydrogen - Hydrogen Engineering - Electrolysis\" \/>\n<meta property=\"og:description\" content=\"Hydrogen Engineering: This technology is based on the generation of hydrogen through a chemical process known as electrolysis.\" \/>\n<meta property=\"og:url\" content=\"https:\/\/emaningenieria.com\/en\/hydrogen\/\" \/>\n<meta property=\"og:site_name\" content=\"Eman Ingenier\u00eda\" \/>\n<meta property=\"article:publisher\" content=\"https:\/\/www.facebook.com\/emaningenieria\/\" \/>\n<meta property=\"article:modified_time\" content=\"2021-11-10T09:03:06+00:00\" \/>\n<meta name=\"twitter:card\" content=\"summary_large_image\" \/>\n<meta name=\"twitter:label1\" content=\"Est. reading time\" \/>\n\t<meta name=\"twitter:data1\" content=\"6 minutes\" \/>\n<script type=\"application\/ld+json\" class=\"yoast-schema-graph\">{\"@context\":\"https:\/\/schema.org\",\"@graph\":[{\"@type\":\"WebPage\",\"@id\":\"https:\/\/emaningenieria.com\/en\/hydrogen\/\",\"url\":\"https:\/\/emaningenieria.com\/en\/hydrogen\/\",\"name\":\"Green Hydrogen - Hydrogen Engineering - Electrolysis\",\"isPartOf\":{\"@id\":\"https:\/\/emaningenieria.com\/#website\"},\"datePublished\":\"2021-11-03T15:53:07+00:00\",\"dateModified\":\"2021-11-10T09:03:06+00:00\",\"description\":\"Hydrogen Engineering: This technology is based on the generation of hydrogen through a chemical process known as electrolysis.\",\"breadcrumb\":{\"@id\":\"https:\/\/emaningenieria.com\/en\/hydrogen\/#breadcrumb\"},\"inLanguage\":\"en-US\",\"potentialAction\":[{\"@type\":\"ReadAction\",\"target\":[\"https:\/\/emaningenieria.com\/en\/hydrogen\/\"]}]},{\"@type\":\"BreadcrumbList\",\"@id\":\"https:\/\/emaningenieria.com\/en\/hydrogen\/#breadcrumb\",\"itemListElement\":[{\"@type\":\"ListItem\",\"position\":1,\"name\":\"Portada\",\"item\":\"https:\/\/emaningenieria.com\/en\/\"},{\"@type\":\"ListItem\",\"position\":2,\"name\":\"Hydrogen\"}]},{\"@type\":\"WebSite\",\"@id\":\"https:\/\/emaningenieria.com\/#website\",\"url\":\"https:\/\/emaningenieria.com\/\",\"name\":\"Eman Ingenier\u00eda\",\"description\":\"Consultora t\u00e9cnica de ingenier\u00eda de los sectores industrial y energ\u00e9tico\",\"publisher\":{\"@id\":\"https:\/\/emaningenieria.com\/#organization\"},\"potentialAction\":[{\"@type\":\"SearchAction\",\"target\":{\"@type\":\"EntryPoint\",\"urlTemplate\":\"https:\/\/emaningenieria.com\/?s={search_term_string}\"},\"query-input\":{\"@type\":\"PropertyValueSpecification\",\"valueRequired\":true,\"valueName\":\"search_term_string\"}}],\"inLanguage\":\"en-US\"},{\"@type\":\"Organization\",\"@id\":\"https:\/\/emaningenieria.com\/#organization\",\"name\":\"Eman Ingenier\u00eda\",\"url\":\"https:\/\/emaningenieria.com\/\",\"logo\":{\"@type\":\"ImageObject\",\"inLanguage\":\"en-US\",\"@id\":\"https:\/\/emaningenieria.com\/#\/schema\/logo\/image\/\",\"url\":\"https:\/\/emaningenieria.com\/wp-content\/uploads\/2019\/11\/logo-sticky-Eman.png\",\"contentUrl\":\"https:\/\/emaningenieria.com\/wp-content\/uploads\/2019\/11\/logo-sticky-Eman.png\",\"width\":92,\"height\":68,\"caption\":\"Eman Ingenier\u00eda\"},\"image\":{\"@id\":\"https:\/\/emaningenieria.com\/#\/schema\/logo\/image\/\"},\"sameAs\":[\"https:\/\/www.facebook.com\/emaningenieria\/\",\"https:\/\/www.linkedin.com\/company\/eman-ingenieria\/\"]}]}<\/script>\n<!-- \/ Yoast SEO plugin. -->","yoast_head_json":{"title":"Green Hydrogen - Hydrogen Engineering - Electrolysis","description":"Hydrogen Engineering: This technology is based on the generation of hydrogen through a chemical process known as electrolysis.","robots":{"index":"index","follow":"follow","max-snippet":"max-snippet:-1","max-image-preview":"max-image-preview:large","max-video-preview":"max-video-preview:-1"},"canonical":"https:\/\/emaningenieria.com\/en\/hydrogen\/","og_locale":"en_US","og_type":"article","og_title":"Green Hydrogen - Hydrogen Engineering - Electrolysis","og_description":"Hydrogen Engineering: This technology is based on the generation of hydrogen through a chemical process known as electrolysis.","og_url":"https:\/\/emaningenieria.com\/en\/hydrogen\/","og_site_name":"Eman Ingenier\u00eda","article_publisher":"https:\/\/www.facebook.com\/emaningenieria\/","article_modified_time":"2021-11-10T09:03:06+00:00","twitter_card":"summary_large_image","twitter_misc":{"Est. reading time":"6 minutes"},"schema":{"@context":"https:\/\/schema.org","@graph":[{"@type":"WebPage","@id":"https:\/\/emaningenieria.com\/en\/hydrogen\/","url":"https:\/\/emaningenieria.com\/en\/hydrogen\/","name":"Green Hydrogen - Hydrogen Engineering - Electrolysis","isPartOf":{"@id":"https:\/\/emaningenieria.com\/#website"},"datePublished":"2021-11-03T15:53:07+00:00","dateModified":"2021-11-10T09:03:06+00:00","description":"Hydrogen Engineering: This technology is based on the generation of hydrogen through a chemical process known as electrolysis.","breadcrumb":{"@id":"https:\/\/emaningenieria.com\/en\/hydrogen\/#breadcrumb"},"inLanguage":"en-US","potentialAction":[{"@type":"ReadAction","target":["https:\/\/emaningenieria.com\/en\/hydrogen\/"]}]},{"@type":"BreadcrumbList","@id":"https:\/\/emaningenieria.com\/en\/hydrogen\/#breadcrumb","itemListElement":[{"@type":"ListItem","position":1,"name":"Portada","item":"https:\/\/emaningenieria.com\/en\/"},{"@type":"ListItem","position":2,"name":"Hydrogen"}]},{"@type":"WebSite","@id":"https:\/\/emaningenieria.com\/#website","url":"https:\/\/emaningenieria.com\/","name":"Eman Ingenier\u00eda","description":"Consultora t\u00e9cnica de ingenier\u00eda de los sectores industrial y energ\u00e9tico","publisher":{"@id":"https:\/\/emaningenieria.com\/#organization"},"potentialAction":[{"@type":"SearchAction","target":{"@type":"EntryPoint","urlTemplate":"https:\/\/emaningenieria.com\/?s={search_term_string}"},"query-input":{"@type":"PropertyValueSpecification","valueRequired":true,"valueName":"search_term_string"}}],"inLanguage":"en-US"},{"@type":"Organization","@id":"https:\/\/emaningenieria.com\/#organization","name":"Eman Ingenier\u00eda","url":"https:\/\/emaningenieria.com\/","logo":{"@type":"ImageObject","inLanguage":"en-US","@id":"https:\/\/emaningenieria.com\/#\/schema\/logo\/image\/","url":"https:\/\/emaningenieria.com\/wp-content\/uploads\/2019\/11\/logo-sticky-Eman.png","contentUrl":"https:\/\/emaningenieria.com\/wp-content\/uploads\/2019\/11\/logo-sticky-Eman.png","width":92,"height":68,"caption":"Eman Ingenier\u00eda"},"image":{"@id":"https:\/\/emaningenieria.com\/#\/schema\/logo\/image\/"},"sameAs":["https:\/\/www.facebook.com\/emaningenieria\/","https:\/\/www.linkedin.com\/company\/eman-ingenieria\/"]}]}},"_links":{"self":[{"href":"https:\/\/emaningenieria.com\/en\/wp-json\/wp\/v2\/pages\/8001","targetHints":{"allow":["GET"]}}],"collection":[{"href":"https:\/\/emaningenieria.com\/en\/wp-json\/wp\/v2\/pages"}],"about":[{"href":"https:\/\/emaningenieria.com\/en\/wp-json\/wp\/v2\/types\/page"}],"author":[{"embeddable":true,"href":"https:\/\/emaningenieria.com\/en\/wp-json\/wp\/v2\/users\/1"}],"replies":[{"embeddable":true,"href":"https:\/\/emaningenieria.com\/en\/wp-json\/wp\/v2\/comments?post=8001"}],"version-history":[{"count":0,"href":"https:\/\/emaningenieria.com\/en\/wp-json\/wp\/v2\/pages\/8001\/revisions"}],"wp:attachment":[{"href":"https:\/\/emaningenieria.com\/en\/wp-json\/wp\/v2\/media?parent=8001"}],"curies":[{"name":"wp","href":"https:\/\/api.w.org\/{rel}","templated":true}]}}