{"id":8022,"date":"2021-11-04T09:17:54","date_gmt":"2021-11-04T08:17:54","guid":{"rendered":"https:\/\/emaningenieria.com\/join-us\/"},"modified":"2021-11-04T09:19:42","modified_gmt":"2021-11-04T08:19:42","slug":"join-us","status":"publish","type":"page","link":"https:\/\/emaningenieria.com\/en\/join-us\/","title":{"rendered":"Join us"},"content":{"rendered":"<p>[vc_row row_content_width=&#8221;grid&#8221; css=&#8221;.vc_custom_1575535109532{padding-top: 50px !important;}&#8221;][vc_column][vc_column_text]<\/p>\n<h2>DO YOU WANT TO JOIN OUR TEAM?<\/h2>\n<h3>FILL IN THE FOLLOWING FORM:<\/h3>\n<p>[\/vc_column_text][vc_empty_space height=&#8221;15px&#8221;][\/vc_column][\/vc_row][vc_row row_content_width=&#8221;grid&#8221; css=&#8221;.vc_custom_1575535158059{margin-top: 50px !important;}&#8221;][vc_column]\n<div class=\"wpcf7 no-js\" id=\"wpcf7-f8025-o1\" lang=\"en-US\" dir=\"ltr\" data-wpcf7-id=\"8025\">\n<div class=\"screen-reader-response\"><p role=\"status\" aria-live=\"polite\" aria-atomic=\"true\"><\/p> <ul><\/ul><\/div>\n<form action=\"\/en\/wp-json\/wp\/v2\/pages\/8022#wpcf7-f8025-o1\" method=\"post\" class=\"wpcf7-form init\" aria-label=\"Contact form\" enctype=\"multipart\/form-data\" novalidate=\"novalidate\" data-status=\"init\">\n<div style=\"display: none;\">\n<input type=\"hidden\" name=\"_wpcf7\" value=\"8025\" \/>\n<input type=\"hidden\" name=\"_wpcf7_version\" value=\"6.0.6\" \/>\n<input type=\"hidden\" name=\"_wpcf7_locale\" value=\"en_US\" \/>\n<input type=\"hidden\" name=\"_wpcf7_unit_tag\" value=\"wpcf7-f8025-o1\" \/>\n<input type=\"hidden\" name=\"_wpcf7_container_post\" value=\"0\" \/>\n<input type=\"hidden\" name=\"_wpcf7_posted_data_hash\" value=\"\" \/>\n<\/div>\n<div class=\"edgt-cf7-wrapper edgtf-custom-form\">\n\t<div class=\"edgtf-grid-row\">\n\t\t<div class=\"edgtf-grid-col-12\">\n\t\t\t<h2>PERSONAL DATA\n\t\t\t<\/h2>\n\t\t<\/div>\n\t<\/div>\n\t<div class=\"edgtf-grid-row\">\n\t\t<div class=\"edgtf-grid-col-6\">\n\t\t\t<p><span class=\"wpcf7-form-control-wrap\" data-name=\"your-name\"><input size=\"40\" maxlength=\"400\" class=\"wpcf7-form-control wpcf7-text wpcf7-validates-as-required\" aria-required=\"true\" aria-invalid=\"false\" value=\"Name*\" type=\"text\" name=\"your-name\" \/><\/span>\n\t\t\t<\/p>\n\t\t<\/div>\n\t\t<div class=\"edgtf-grid-col-6\">\n\t\t\t<p><span class=\"wpcf7-form-control-wrap\" data-name=\"your-surname\"><input size=\"40\" maxlength=\"400\" class=\"wpcf7-form-control wpcf7-text wpcf7-validates-as-required\" aria-required=\"true\" aria-invalid=\"false\" value=\"Surname*\" type=\"text\" name=\"your-surname\" \/><\/span>\n\t\t\t<\/p>\n\t\t<\/div>\n\t<\/div>\n\t<div class=\"edgtf-grid-row\">\n\t\t<div class=\"edgtf-grid-col-6\">\n\t\t\t<p><span class=\"wpcf7-form-control-wrap\" data-name=\"your-email\"><input size=\"40\" maxlength=\"400\" class=\"wpcf7-form-control wpcf7-email wpcf7-validates-as-required wpcf7-text wpcf7-validates-as-email\" aria-required=\"true\" aria-invalid=\"false\" value=\"Email*\" type=\"email\" name=\"your-email\" \/><\/span>\n\t\t\t<\/p>\n\t\t<\/div>\n\t\t<div class=\"edgtf-grid-col-6\">\n\t\t\t<p><span class=\"wpcf7-form-control-wrap\" data-name=\"tel-359\"><input size=\"40\" maxlength=\"400\" class=\"wpcf7-form-control wpcf7-tel wpcf7-validates-as-required wpcf7-text wpcf7-validates-as-tel\" aria-required=\"true\" aria-invalid=\"false\" value=\"Phone*\" type=\"tel\" name=\"tel-359\" \/><\/span>\n\t\t\t<\/p>\n\t\t<\/div>\n\t<\/div>\n\t<div class=\"edgtf-grid-row\">\n\t\t<div class=\"edgtf-grid-col-6\">\n\t\t\t<p>Date of birth<span class=\"wpcf7-form-control-wrap\" data-name=\"date-449\"><input class=\"wpcf7-form-control wpcf7-date wpcf7-validates-as-required wpcf7-validates-as-date\" aria-required=\"true\" aria-invalid=\"false\" value=\"Date of birth*\" type=\"date\" name=\"date-449\" \/><\/span>\n\t\t\t<\/p>\n\t\t<\/div>\n\t<\/div>\n\t<div class=\"edgtf-grid-row\">\n\t\t<div class=\"edgtf-grid-col-6\">\n\t\t\t<p>Driver's license [checkbox* checkbox-560 \"Yes \"No\"]\n\t\t\t<\/p>\n\t\t<\/div>\n\t\t<div class=\"edgtf-grid-col-6\">\n\t\t\t<p>Where would you like to work? <span class=\"wpcf7-form-control-wrap\" data-name=\"menu-702\"><select class=\"wpcf7-form-control wpcf7-select wpcf7-validates-as-required\" aria-required=\"true\" aria-invalid=\"false\" name=\"menu-702\"><option value=\"\">&#8212;Please choose an option&#8212;<\/option><option value=\"Sevilla\">Sevilla<\/option><option value=\"Huelva\">Huelva<\/option><\/select><\/span>\n\t\t\t<\/p>\n\t\t<\/div>\n\t<\/div>\n\t<div class=\"edgtf-grid-row\">\n\t\t<div class=\"edgtf-grid-col-6\">\n\t\t\t<p>Place of Residence <span class=\"wpcf7-form-control-wrap\" data-name=\"menu-942\"><select class=\"wpcf7-form-control wpcf7-select wpcf7-validates-as-required\" aria-required=\"true\" aria-invalid=\"false\" name=\"menu-942\"><option value=\"\">&#8212;Please choose an option&#8212;<\/option><option value=\"A Coru\u00f1a\">A Coru\u00f1a<\/option><option value=\"\u00c1lava\">\u00c1lava<\/option><option value=\"Albacete\">Albacete<\/option><option value=\"Alicante\">Alicante<\/option><option value=\"Almer\u00eda\">Almer\u00eda<\/option><option value=\"Asturias\">Asturias<\/option><option value=\"\u00c1vila\">\u00c1vila<\/option><option value=\"Badajoz\">Badajoz<\/option><option value=\"Baleares\">Baleares<\/option><option value=\"Barcelona\">Barcelona<\/option><option value=\"Burgos\">Burgos<\/option><option value=\"C\u00e1ceres\">C\u00e1ceres<\/option><option value=\"C\u00e1diz\">C\u00e1diz<\/option><option value=\"Cantabria\">Cantabria<\/option><option value=\"Castell\u00f3n\">Castell\u00f3n<\/option><option value=\"Ciudad Real\">Ciudad Real<\/option><option value=\"C\u00f3rdoba\">C\u00f3rdoba<\/option><option value=\"Cuenca\">Cuenca<\/option><option value=\"Girona\">Girona<\/option><option value=\"Granada\">Granada<\/option><option value=\"Guadalajara\">Guadalajara<\/option><option value=\"Gipuzkoa\">Gipuzkoa<\/option><option value=\"Huelva\">Huelva<\/option><option value=\"Huesca\">Huesca<\/option><option value=\"Ja\u00e9n\">Ja\u00e9n<\/option><option value=\"La Rioja\">La Rioja<\/option><option value=\"Las Palmas\">Las Palmas<\/option><option value=\"Le\u00f3n\">Le\u00f3n<\/option><option value=\"L\u00e9rida\">L\u00e9rida<\/option><option value=\"Lugo\">Lugo<\/option><option value=\"Madrid\">Madrid<\/option><option value=\"M\u00e1laga\">M\u00e1laga<\/option><option value=\"Murcia\">Murcia<\/option><option value=\"Navarra\">Navarra<\/option><option value=\"Ourense\">Ourense<\/option><option value=\"Palencia\">Palencia<\/option><option value=\"Pontevedra\">Pontevedra<\/option><option value=\"Salamanca\">Salamanca<\/option><option value=\"Segovia\">Segovia<\/option><option value=\"Sevilla\">Sevilla<\/option><option value=\"Soria\">Soria<\/option><option value=\"Tarragona\">Tarragona<\/option><option value=\"Santa Cruz de Tenerife\">Santa Cruz de Tenerife<\/option><option value=\"Teruel\">Teruel<\/option><option value=\"Toledo\">Toledo<\/option><option value=\"Valencia\">Valencia<\/option><option value=\"Valladolid\">Valladolid<\/option><option value=\"Vizcaya\">Vizcaya<\/option><option value=\"Zamora\">Zamora<\/option><option value=\"Zaragoza\">Zaragoza<\/option><\/select><\/span>\n\t\t\t<\/p>\n\t\t<\/div>\n\t\t<div class=\"edgtf-grid-col-6\">\n\t\t\t<p>Are you willing to change your residence? <span class=\"wpcf7-form-control-wrap\" data-name=\"menu-355\"><select class=\"wpcf7-form-control wpcf7-select wpcf7-validates-as-required\" aria-required=\"true\" aria-invalid=\"false\" name=\"menu-355\"><option value=\"\">&#8212;Please choose an option&#8212;<\/option><option value=\"No\">No<\/option><option value=\"Yes\">Yes<\/option><\/select><\/span>\n\t\t\t<\/p>\n\t\t<\/div>\n\t<\/div>\n\t<div class=\"edgtf-grid-row\">\n\t\t<div class=\"edgtf-grid-col-12\">\n\t\t\t<h2>ACADEMIC BACKGROUND\n\t\t\t<\/h2>\n\t\t<\/div>\n\t<\/div>\n\t<div class=\"edgtf-grid-row\">\n\t\t<div class=\"edgtf-grid-col-6\">\n\t\t\t<p>What is the highest level of education you have completed or are currently studying? <span class=\"wpcf7-form-control-wrap\" data-name=\"menu-931\"><select class=\"wpcf7-form-control wpcf7-select wpcf7-validates-as-required\" aria-required=\"true\" aria-invalid=\"false\" name=\"menu-931\"><option value=\"\">&#8212;Please choose an option&#8212;<\/option><option value=\"ESO\/ Bachillerato\">ESO\/ Bachillerato<\/option><option value=\"Formative Cicle of medium grade\">Formative Cicle of medium grade<\/option><option value=\"Higher education training cycle\">Higher education training cycle<\/option><option value=\"Engineering\">Engineering<\/option><option value=\"Bachelor&#039;s \/ Bachelor&#039;s degree\">Bachelor&#039;s \/ Bachelor&#039;s degree<\/option><option value=\"Master \/ Postgraduate\">Master \/ Postgraduate<\/option><\/select><\/span>\n\t\t\t<\/p>\n\t\t<\/div>\n\t\t<div class=\"edgtf-grid-col-6\">\n\t\t\t<p>Have you completed any other training? <span class=\"wpcf7-form-control-wrap\" data-name=\"menu-998\"><select class=\"wpcf7-form-control wpcf7-select wpcf7-validates-as-required\" aria-required=\"true\" aria-invalid=\"false\" name=\"menu-998\"><option value=\"\">&#8212;Please choose an option&#8212;<\/option><option value=\"No, ninguna otra formaci\u00f3n espec\u00edfica\">No, ninguna otra formaci\u00f3n espec\u00edfica<\/option><option value=\"Formative Cicle of medium grade\">Formative Cicle of medium grade<\/option><option value=\"Higher education training cycler\">Higher education training cycler<\/option><option value=\"Engineering\">Engineering<\/option><option value=\"Bachelor&#039;s \/ Bachelor&#039;s degree\">Bachelor&#039;s \/ Bachelor&#039;s degree<\/option><option value=\"Master \/ Postgraduate\">Master \/ Postgraduate<\/option><option value=\"Other significant supplementary training\">Other significant supplementary training<\/option><\/select><\/span>\n\t\t\t<\/p>\n\t\t<\/div>\n\t<\/div>\n\t<div class=\"edgtf-grid-row\">\n\t\t<div class=\"edgtf-grid-col-12\">\n\t\t\t<h2>PROFESSIONAL EXPERIENCE\n\t\t\t<\/h2>\n\t\t<\/div>\n\t<\/div>\n\t<div class=\"edgtf-grid-row\">\n\t\t<div class=\"edgtf-grid-col-6\">\n\t\t\t<p>Do you have professional experience?<span class=\"wpcf7-form-control-wrap\" data-name=\"menu-821\"><select class=\"wpcf7-form-control wpcf7-select wpcf7-validates-as-required\" aria-required=\"true\" aria-invalid=\"false\" name=\"menu-821\"><option value=\"\">&#8212;Please choose an option&#8212;<\/option><option value=\"I still don&#039;t have any professional experience\">I still don&#039;t have any professional experience<\/option><option value=\"I have less than 2 years of professional experience\">I have less than 2 years of professional experience<\/option><option value=\"TI have between 3 and 5 years of professional experience\">TI have between 3 and 5 years of professional experience<\/option><option value=\"I have more than 5 years of professional experience\">I have more than 5 years of professional experience<\/option><\/select><\/span>\n\t\t\t<\/p>\n\t\t<\/div>\n\t\t<div class=\"edgtf-grid-col-6\">\n\t\t\t<p>In what area has most of your experience been developed? <span class=\"wpcf7-form-control-wrap\" data-name=\"menu-538\"><select class=\"wpcf7-form-control wpcf7-select wpcf7-validates-as-required\" aria-required=\"true\" aria-invalid=\"false\" name=\"menu-538\"><option value=\"\">&#8212;Please choose an option&#8212;<\/option><option value=\"Technical office\">Technical office<\/option><option value=\"Industrial maintenance\">Industrial maintenance<\/option><option value=\"Manufacturing\">Manufacturing<\/option><option value=\"Industrial plant operation\">Industrial plant operation<\/option><option value=\"Site supervision\">Site supervision<\/option><option value=\"Industrial safety\">Industrial safety<\/option><option value=\"Health and safety\">Health and safety<\/option><option value=\"Administration\">Administration<\/option><option value=\"Legal\">Legal<\/option><\/select><\/span>\n\t\t\t<\/p>\n\t\t<\/div>\n\t<\/div>\n\t<div class=\"edgtf-grid-row\">\n\t\t<div class=\"edgtf-grid-col-12\">\n\t\t\t<h2>LANGUAGES\n\t\t\t<\/h2>\n\t\t<\/div>\n\t<\/div>\n\t<div class=\"edgtf-grid-row\">\n\t\t<div class=\"edgtf-grid-col-12\">\n\t\t\t<p>What languages do you know?<span class=\"wpcf7-form-control-wrap\" data-name=\"checkbox-618\"><span class=\"wpcf7-form-control wpcf7-checkbox\"><span class=\"wpcf7-list-item first\"><input type=\"checkbox\" name=\"checkbox-618[]\" value=\"Spanish\" \/><span class=\"wpcf7-list-item-label\">Spanish<\/span><\/span><span class=\"wpcf7-list-item\"><input type=\"checkbox\" name=\"checkbox-618[]\" value=\"English\" \/><span class=\"wpcf7-list-item-label\">English<\/span><\/span><span class=\"wpcf7-list-item\"><input type=\"checkbox\" name=\"checkbox-618[]\" value=\"Portuguese\" \/><span class=\"wpcf7-list-item-label\">Portuguese<\/span><\/span><span class=\"wpcf7-list-item\"><input type=\"checkbox\" name=\"checkbox-618[]\" value=\"French\" \/><span class=\"wpcf7-list-item-label\">French<\/span><\/span><span class=\"wpcf7-list-item\"><input type=\"checkbox\" name=\"checkbox-618[]\" value=\"German\" \/><span class=\"wpcf7-list-item-label\">German<\/span><\/span><span class=\"wpcf7-list-item\"><input type=\"checkbox\" name=\"checkbox-618[]\" value=\"Italian\" \/><span class=\"wpcf7-list-item-label\">Italian<\/span><\/span><span class=\"wpcf7-list-item\"><input type=\"checkbox\" name=\"checkbox-618[]\" value=\"Galician\" \/><span class=\"wpcf7-list-item-label\">Galician<\/span><\/span><span class=\"wpcf7-list-item\"><input type=\"checkbox\" name=\"checkbox-618[]\" value=\"Basque\" \/><span class=\"wpcf7-list-item-label\">Basque<\/span><\/span><span class=\"wpcf7-list-item\"><input type=\"checkbox\" name=\"checkbox-618[]\" value=\"Catalan\" \/><span class=\"wpcf7-list-item-label\">Catalan<\/span><\/span><span class=\"wpcf7-list-item last\"><input type=\"checkbox\" name=\"checkbox-618[]\" value=\"Others\" \/><span class=\"wpcf7-list-item-label\">Others<\/span><\/span><\/span><\/span>\n\t\t\t<\/p>\n\t\t<\/div>\n\t<\/div>\n\t<div class=\"edgtf-grid-row\">\n\t\t<div class=\"edgtf-grid-col-12\">\n\t\t\t<h2>AREA OF OCCUPATIONAL INTEREST\n\t\t\t<\/h2>\n\t\t<\/div>\n\t<\/div>\n\t<div class=\"edgtf-grid-row\">\n\t\t<div class=\"edgtf-grid-col-6\">\n\t\t\t<p>What is the area of work you are most interested in?<span class=\"wpcf7-form-control-wrap\" data-name=\"menu-781\"><select class=\"wpcf7-form-control wpcf7-select wpcf7-validates-as-required\" aria-required=\"true\" aria-invalid=\"false\" name=\"menu-781\"><option value=\"\">&#8212;Please choose an option&#8212;<\/option><option value=\"Technical office\">Technical office<\/option><option value=\"Industrial maintenance\">Industrial maintenance<\/option><option value=\"Manufacturing\">Manufacturing<\/option><option value=\"Industrial plant operation\">Industrial plant operation<\/option><option value=\"Site supervision\">Site supervision<\/option><option value=\"Industrial safety\">Industrial safety<\/option><option value=\"Health and safety\">Health and safety<\/option><option value=\"Administration\">Administration<\/option><option value=\"Legal\">Legal<\/option><\/select><\/span>\n\t\t\t<\/p>\n\t\t<\/div>\n\t\t<div class=\"edgtf-grid-col-6\">\n\t\t\t<p>What other area are you interested in? <span class=\"wpcf7-form-control-wrap\" data-name=\"radio-263\"><span class=\"wpcf7-form-control wpcf7-radio\"><span class=\"wpcf7-list-item first last\"><input type=\"radio\" name=\"radio-263\" value=\"Other\" checked=\"checked\" \/><span class=\"wpcf7-list-item-label\">Other<\/span><\/span><\/span><\/span>\n\t\t\t<\/p>\n\t\t<\/div>\n\t<\/div>\n\t<div class=\"edgtf-grid-row\">\n\t\t<div class=\"edgtf-grid-col-6\">\n\t\t\t<p>Please attach your CV (PDF only. Max 2Mb)*\n\t\t\t<\/p>\n\t\t<\/div>\n\t\t<div class=\"edgtf-grid-col-6\">\n\t\t\t<p><span class=\"wpcf7-form-control-wrap\" data-name=\"file-50\"><input size=\"40\" class=\"wpcf7-form-control wpcf7-file wpcf7-validates-as-required\" accept=\".pdf\" aria-required=\"true\" aria-invalid=\"false\" type=\"file\" name=\"file-50\" \/><\/span>\n\t\t\t<\/p>\n\t\t<\/div>\n\t<\/div>\n\t<div class=\"edgtf-grid-row\">\n\t\t<div class=\"edgtf-grid-col-12\">\n\t\t\t<p><span class=\"wpcf7-form-control-wrap\" data-name=\"acceptance-995\"><span class=\"wpcf7-form-control wpcf7-acceptance\"><span class=\"wpcf7-list-item\"><label><input type=\"checkbox\" name=\"acceptance-995\" value=\"1\" aria-invalid=\"false\" \/><span class=\"wpcf7-list-item-label\">I have read and accept the terms and conditions.<\/span><\/label><\/span><\/span><\/span>\n\t\t\t<\/p>\n\t\t<\/div>\n\t<\/div>\n\t<div class=\"edgtf-grid-row\">\n\t\t<div class=\"edgtf-grid-col-12\">\n\t\t\t<p><input class=\"wpcf7-form-control wpcf7-submit has-spinner\" type=\"submit\" value=\"Submit\" \/>\n\t\t\t<\/p>\n\t\t<\/div>\n\t<\/div>\n<\/div><div class=\"wpcf7-response-output\" aria-hidden=\"true\"><\/div>\n<\/form>\n<\/div>\n[\/vc_column][\/vc_row]<\/p>\n","protected":false},"excerpt":{"rendered":"<p>[vc_row row_content_width=&#8221;grid&#8221; css=&#8221;.vc_custom_1575535109532{padding-top: 50px !important;}&#8221;][vc_column][vc_column_text] DO YOU WANT TO JOIN OUR TEAM? FILL IN THE FOLLOWING FORM: [\/vc_column_text][vc_empty_space height=&#8221;15px&#8221;][\/vc_column][\/vc_row][vc_row row_content_width=&#8221;grid&#8221; css=&#8221;.vc_custom_1575535158059{margin-top: 50px !important;}&#8221;][vc_column][\/vc_column][\/vc_row]<\/p>\n","protected":false},"author":1,"featured_media":0,"parent":0,"menu_order":0,"comment_status":"closed","ping_status":"closed","template":"full-width.php","meta":{"footnotes":""},"class_list":["post-8022","page","type-page","status-publish","hentry"],"yoast_head":"<!-- This site is optimized with the Yoast SEO plugin v25.3 - https:\/\/yoast.com\/wordpress\/plugins\/seo\/ -->\n<title>Join us - Eman Ingenier\u00eda - Desarrollo e Ingenier\u00eda<\/title>\n<meta name=\"description\" content=\"Forma parte de Eman Ingenier\u00eda: ingenier\u00eda conceptual, ingenier\u00eda b\u00e1sica, ingenier\u00eda de detalle, ingenier\u00eda de la propiedad, proyectos t\u00e9cnicos...\" \/>\n<meta name=\"robots\" content=\"noindex, follow\" \/>\n<meta property=\"og:locale\" content=\"en_US\" \/>\n<meta property=\"og:type\" content=\"article\" \/>\n<meta property=\"og:title\" content=\"Join us - Eman Ingenier\u00eda - Desarrollo e Ingenier\u00eda\" \/>\n<meta property=\"og:description\" content=\"Forma parte de Eman Ingenier\u00eda: ingenier\u00eda conceptual, ingenier\u00eda b\u00e1sica, ingenier\u00eda de detalle, ingenier\u00eda de la propiedad, proyectos t\u00e9cnicos...\" \/>\n<meta property=\"og:url\" content=\"https:\/\/emaningenieria.com\/en\/join-us\/\" \/>\n<meta property=\"og:site_name\" content=\"Eman Ingenier\u00eda\" \/>\n<meta property=\"article:publisher\" content=\"https:\/\/www.facebook.com\/emaningenieria\/\" \/>\n<meta property=\"article:modified_time\" content=\"2021-11-04T08:19:42+00:00\" \/>\n<meta name=\"twitter:card\" content=\"summary_large_image\" \/>\n<script type=\"application\/ld+json\" class=\"yoast-schema-graph\">{\"@context\":\"https:\/\/schema.org\",\"@graph\":[{\"@type\":\"WebPage\",\"@id\":\"https:\/\/emaningenieria.com\/en\/join-us\/\",\"url\":\"https:\/\/emaningenieria.com\/en\/join-us\/\",\"name\":\"Join us - Eman Ingenier\u00eda - Desarrollo e Ingenier\u00eda\",\"isPartOf\":{\"@id\":\"https:\/\/emaningenieria.com\/#website\"},\"datePublished\":\"2021-11-04T08:17:54+00:00\",\"dateModified\":\"2021-11-04T08:19:42+00:00\",\"description\":\"Forma parte de Eman Ingenier\u00eda: ingenier\u00eda conceptual, ingenier\u00eda b\u00e1sica, ingenier\u00eda de detalle, ingenier\u00eda de la propiedad, proyectos t\u00e9cnicos...\",\"breadcrumb\":{\"@id\":\"https:\/\/emaningenieria.com\/en\/join-us\/#breadcrumb\"},\"inLanguage\":\"en-US\",\"potentialAction\":[{\"@type\":\"ReadAction\",\"target\":[\"https:\/\/emaningenieria.com\/en\/join-us\/\"]}]},{\"@type\":\"BreadcrumbList\",\"@id\":\"https:\/\/emaningenieria.com\/en\/join-us\/#breadcrumb\",\"itemListElement\":[{\"@type\":\"ListItem\",\"position\":1,\"name\":\"Portada\",\"item\":\"https:\/\/emaningenieria.com\/en\/\"},{\"@type\":\"ListItem\",\"position\":2,\"name\":\"Join us\"}]},{\"@type\":\"WebSite\",\"@id\":\"https:\/\/emaningenieria.com\/#website\",\"url\":\"https:\/\/emaningenieria.com\/\",\"name\":\"Eman Ingenier\u00eda\",\"description\":\"Consultora t\u00e9cnica de ingenier\u00eda de los sectores industrial y energ\u00e9tico\",\"publisher\":{\"@id\":\"https:\/\/emaningenieria.com\/#organization\"},\"potentialAction\":[{\"@type\":\"SearchAction\",\"target\":{\"@type\":\"EntryPoint\",\"urlTemplate\":\"https:\/\/emaningenieria.com\/?s={search_term_string}\"},\"query-input\":{\"@type\":\"PropertyValueSpecification\",\"valueRequired\":true,\"valueName\":\"search_term_string\"}}],\"inLanguage\":\"en-US\"},{\"@type\":\"Organization\",\"@id\":\"https:\/\/emaningenieria.com\/#organization\",\"name\":\"Eman Ingenier\u00eda\",\"url\":\"https:\/\/emaningenieria.com\/\",\"logo\":{\"@type\":\"ImageObject\",\"inLanguage\":\"en-US\",\"@id\":\"https:\/\/emaningenieria.com\/#\/schema\/logo\/image\/\",\"url\":\"https:\/\/emaningenieria.com\/wp-content\/uploads\/2019\/11\/logo-sticky-Eman.png\",\"contentUrl\":\"https:\/\/emaningenieria.com\/wp-content\/uploads\/2019\/11\/logo-sticky-Eman.png\",\"width\":92,\"height\":68,\"caption\":\"Eman Ingenier\u00eda\"},\"image\":{\"@id\":\"https:\/\/emaningenieria.com\/#\/schema\/logo\/image\/\"},\"sameAs\":[\"https:\/\/www.facebook.com\/emaningenieria\/\",\"https:\/\/www.linkedin.com\/company\/eman-ingenieria\/\"]}]}<\/script>\n<!-- \/ Yoast SEO plugin. -->","yoast_head_json":{"title":"Join us - Eman Ingenier\u00eda - Desarrollo e Ingenier\u00eda","description":"Forma parte de Eman Ingenier\u00eda: ingenier\u00eda conceptual, ingenier\u00eda b\u00e1sica, ingenier\u00eda de detalle, ingenier\u00eda de la propiedad, proyectos t\u00e9cnicos...","robots":{"index":"noindex","follow":"follow"},"og_locale":"en_US","og_type":"article","og_title":"Join us - Eman Ingenier\u00eda - Desarrollo e Ingenier\u00eda","og_description":"Forma parte de Eman Ingenier\u00eda: ingenier\u00eda conceptual, ingenier\u00eda b\u00e1sica, ingenier\u00eda de detalle, ingenier\u00eda de la propiedad, proyectos t\u00e9cnicos...","og_url":"https:\/\/emaningenieria.com\/en\/join-us\/","og_site_name":"Eman Ingenier\u00eda","article_publisher":"https:\/\/www.facebook.com\/emaningenieria\/","article_modified_time":"2021-11-04T08:19:42+00:00","twitter_card":"summary_large_image","schema":{"@context":"https:\/\/schema.org","@graph":[{"@type":"WebPage","@id":"https:\/\/emaningenieria.com\/en\/join-us\/","url":"https:\/\/emaningenieria.com\/en\/join-us\/","name":"Join us - Eman Ingenier\u00eda - Desarrollo e Ingenier\u00eda","isPartOf":{"@id":"https:\/\/emaningenieria.com\/#website"},"datePublished":"2021-11-04T08:17:54+00:00","dateModified":"2021-11-04T08:19:42+00:00","description":"Forma parte de Eman Ingenier\u00eda: ingenier\u00eda conceptual, ingenier\u00eda b\u00e1sica, ingenier\u00eda de detalle, ingenier\u00eda de la propiedad, proyectos t\u00e9cnicos...","breadcrumb":{"@id":"https:\/\/emaningenieria.com\/en\/join-us\/#breadcrumb"},"inLanguage":"en-US","potentialAction":[{"@type":"ReadAction","target":["https:\/\/emaningenieria.com\/en\/join-us\/"]}]},{"@type":"BreadcrumbList","@id":"https:\/\/emaningenieria.com\/en\/join-us\/#breadcrumb","itemListElement":[{"@type":"ListItem","position":1,"name":"Portada","item":"https:\/\/emaningenieria.com\/en\/"},{"@type":"ListItem","position":2,"name":"Join us"}]},{"@type":"WebSite","@id":"https:\/\/emaningenieria.com\/#website","url":"https:\/\/emaningenieria.com\/","name":"Eman Ingenier\u00eda","description":"Consultora t\u00e9cnica de ingenier\u00eda de los sectores industrial y energ\u00e9tico","publisher":{"@id":"https:\/\/emaningenieria.com\/#organization"},"potentialAction":[{"@type":"SearchAction","target":{"@type":"EntryPoint","urlTemplate":"https:\/\/emaningenieria.com\/?s={search_term_string}"},"query-input":{"@type":"PropertyValueSpecification","valueRequired":true,"valueName":"search_term_string"}}],"inLanguage":"en-US"},{"@type":"Organization","@id":"https:\/\/emaningenieria.com\/#organization","name":"Eman Ingenier\u00eda","url":"https:\/\/emaningenieria.com\/","logo":{"@type":"ImageObject","inLanguage":"en-US","@id":"https:\/\/emaningenieria.com\/#\/schema\/logo\/image\/","url":"https:\/\/emaningenieria.com\/wp-content\/uploads\/2019\/11\/logo-sticky-Eman.png","contentUrl":"https:\/\/emaningenieria.com\/wp-content\/uploads\/2019\/11\/logo-sticky-Eman.png","width":92,"height":68,"caption":"Eman Ingenier\u00eda"},"image":{"@id":"https:\/\/emaningenieria.com\/#\/schema\/logo\/image\/"},"sameAs":["https:\/\/www.facebook.com\/emaningenieria\/","https:\/\/www.linkedin.com\/company\/eman-ingenieria\/"]}]}},"_links":{"self":[{"href":"https:\/\/emaningenieria.com\/en\/wp-json\/wp\/v2\/pages\/8022","targetHints":{"allow":["GET"]}}],"collection":[{"href":"https:\/\/emaningenieria.com\/en\/wp-json\/wp\/v2\/pages"}],"about":[{"href":"https:\/\/emaningenieria.com\/en\/wp-json\/wp\/v2\/types\/page"}],"author":[{"embeddable":true,"href":"https:\/\/emaningenieria.com\/en\/wp-json\/wp\/v2\/users\/1"}],"replies":[{"embeddable":true,"href":"https:\/\/emaningenieria.com\/en\/wp-json\/wp\/v2\/comments?post=8022"}],"version-history":[{"count":0,"href":"https:\/\/emaningenieria.com\/en\/wp-json\/wp\/v2\/pages\/8022\/revisions"}],"wp:attachment":[{"href":"https:\/\/emaningenieria.com\/en\/wp-json\/wp\/v2\/media?parent=8022"}],"curies":[{"name":"wp","href":"https:\/\/api.w.org\/{rel}","templated":true}]}}